{"id":4258,"date":"2024-09-17T19:37:35","date_gmt":"2024-09-17T17:37:35","guid":{"rendered":"https:\/\/staedtepartnerschaften-wedemark.de\/?page_id=4258"},"modified":"2024-09-17T22:16:22","modified_gmt":"2024-09-17T20:16:22","slug":"kalender","status":"publish","type":"page","link":"https:\/\/staedtepartnerschaften-wedemark.de\/de\/kalender\/","title":{"rendered":"Kalender"},"content":{"rendered":"\t\t<div data-elementor-type=\"wp-page\" data-elementor-id=\"4258\" class=\"elementor elementor-4258\" data-elementor-post-type=\"page\">\n\t\t\t\t\t\t<section class=\"elementor-section elementor-top-section elementor-element elementor-element-7088b421 elementor-section-boxed elementor-section-height-default elementor-section-height-default\" data-id=\"7088b421\" data-element_type=\"section\">\n\t\t\t\t\t\t<div class=\"elementor-container elementor-column-gap-default\">\n\t\t\t\t\t<div class=\"elementor-column elementor-col-100 elementor-top-column elementor-element elementor-element-4ad527c4\" data-id=\"4ad527c4\" data-element_type=\"column\">\n\t\t\t<div class=\"elementor-widget-wrap elementor-element-populated\">\n\t\t\t\t\t\t<div class=\"elementor-element elementor-element-eb6a008 elementor-widget elementor-widget-heading\" data-id=\"eb6a008\" data-element_type=\"widget\" data-widget_type=\"heading.default\">\n\t\t\t\t<div class=\"elementor-widget-container\">\n\t\t\t\t\t<h2 class=\"elementor-heading-title elementor-size-default\">Kalender<\/h2>\t\t\t\t<\/div>\n\t\t\t\t<\/div>\n\t\t\t\t<div class=\"elementor-element elementor-element-5a4d3a2e elementor-widget elementor-widget-text-editor\" data-id=\"5a4d3a2e\" data-element_type=\"widget\" data-widget_type=\"text-editor.default\">\n\t\t\t\t<div class=\"elementor-widget-container\">\n\t\t\t\t\t\t\t\t\t<p class=\"p1\">Das Partnerschaftskomitee organisiert regelm\u00e4\u00dfig vielf\u00e4ltige Veranstaltungen, um den interkulturellen Austausch zu f\u00f6rdern und die Verbindungen mit unseren Partnerst\u00e4dten zu st\u00e4rken. Ob kulturelle Feste, Austauschprogramme oder gemeinsame Projekte \u2013 unsere Veranstaltungen bieten die Gelegenheit, internationale Freundschaften zu pflegen und den europ\u00e4ischen Gedanken aktiv zu leben.<\/p>\t\t\t\t\t\t\t\t<\/div>\n\t\t\t\t<\/div>\n\t\t\t\t\t<\/div>\n\t\t<\/div>\n\t\t\t\t\t<\/div>\n\t\t<\/section>\n\t\t\t\t<section class=\"elementor-section elementor-top-section elementor-element elementor-element-19b6b2d elementor-section-boxed elementor-section-height-default elementor-section-height-default\" data-id=\"19b6b2d\" data-element_type=\"section\">\n\t\t\t\t\t\t<div class=\"elementor-container elementor-column-gap-default\">\n\t\t\t\t\t<div class=\"elementor-column elementor-col-100 elementor-top-column elementor-element elementor-element-fe3787f\" data-id=\"fe3787f\" data-element_type=\"column\">\n\t\t\t<div class=\"elementor-widget-wrap\">\n\t\t\t\t\t\t\t<\/div>\n\t\t<\/div>\n\t\t\t\t\t<\/div>\n\t\t<\/section>\n\t\t\t\t<section class=\"elementor-section elementor-top-section elementor-element elementor-element-80ab732 elementor-section-full_width elementor-section-height-default elementor-section-height-default\" data-id=\"80ab732\" data-element_type=\"section\">\n\t\t\t\t\t\t<div class=\"elementor-container elementor-column-gap-default\">\n\t\t\t\t\t<div class=\"elementor-column elementor-col-100 elementor-top-column elementor-element elementor-element-03465bf\" data-id=\"03465bf\" data-element_type=\"column\">\n\t\t\t<div class=\"elementor-widget-wrap elementor-element-populated\">\n\t\t\t\t\t\t<section class=\"elementor-section elementor-inner-section elementor-element elementor-element-c60cae8 elementor-section-boxed elementor-section-height-default elementor-section-height-default\" data-id=\"c60cae8\" data-element_type=\"section\">\n\t\t\t\t\t\t<div class=\"elementor-container elementor-column-gap-default\">\n\t\t\t\t\t<div class=\"elementor-column elementor-col-50 elementor-inner-column elementor-element elementor-element-ab16aed\" data-id=\"ab16aed\" data-element_type=\"column\">\n\t\t\t<div class=\"elementor-widget-wrap elementor-element-populated\">\n\t\t\t\t\t\t<div class=\"elementor-element elementor-element-a176a19 elementor-widget elementor-widget-text-editor\" data-id=\"a176a19\" data-element_type=\"widget\" data-widget_type=\"text-editor.default\">\n\t\t\t\t<div class=\"elementor-widget-container\">\n\t\t\t\t\t\t\t\t\t<p>Du m\u00f6chtest an einer unserer Veranstaltungen teilnehmen oder hast Fragen zu einer der gelisteten Veranstaltungen? <strong>Dann nimm gerne Kontakt zu uns auf!<\/strong><\/p>\t\t\t\t\t\t\t\t<\/div>\n\t\t\t\t<\/div>\n\t\t\t\t\t<\/div>\n\t\t<\/div>\n\t\t\t\t<div class=\"elementor-column elementor-col-50 elementor-inner-column elementor-element elementor-element-9115e73\" data-id=\"9115e73\" data-element_type=\"column\">\n\t\t\t<div class=\"elementor-widget-wrap elementor-element-populated\">\n\t\t\t\t\t\t<div class=\"elementor-element elementor-element-64acb6a elementor-align-right elementor-widget elementor-widget-button\" data-id=\"64acb6a\" data-element_type=\"widget\" data-widget_type=\"button.default\">\n\t\t\t\t<div class=\"elementor-widget-container\">\n\t\t\t\t\t\t\t\t\t<div class=\"elementor-button-wrapper\">\n\t\t\t\t\t<a class=\"elementor-button elementor-button-link elementor-size-md\" href=\"https:\/\/staedtepartnerschaften-wedemark.de\/kontakt\/\">\n\t\t\t\t\t\t<span class=\"elementor-button-content-wrapper\">\n\t\t\t\t\t\t<span class=\"elementor-button-icon\">\n\t\t\t\t<i aria-hidden=\"true\" class=\"fas fa-long-arrow-alt-right\"><\/i>\t\t\t<\/span>\n\t\t\t\t\t\t\t\t\t<span class=\"elementor-button-text\"> Kontakt<\/span>\n\t\t\t\t\t<\/span>\n\t\t\t\t\t<\/a>\n\t\t\t\t<\/div>\n\t\t\t\t\t\t\t\t<\/div>\n\t\t\t\t<\/div>\n\t\t\t\t\t<\/div>\n\t\t<\/div>\n\t\t\t\t\t<\/div>\n\t\t<\/section>\n\t\t\t\t\t<\/div>\n\t\t<\/div>\n\t\t\t\t\t<\/div>\n\t\t<\/section>\n\t\t\t\t<\/div>\n\t\t","protected":false},"excerpt":{"rendered":"<p>Kalender Das Partnerschaftskomitee organisiert regelm\u00e4\u00dfig vielf\u00e4ltige Veranstaltungen, um den interkulturellen Austausch zu f\u00f6rdern und die Verbindungen mit unseren Partnerst\u00e4dten zu st\u00e4rken. Ob kulturelle Feste, Austauschprogramme oder gemeinsame Projekte \u2013 unsere Veranstaltungen bieten die Gelegenheit, internationale Freundschaften zu pflegen und den europ\u00e4ischen Gedanken aktiv zu leben. Du m\u00f6chtest an einer unserer Veranstaltungen teilnehmen oder hast Fragen [&hellip;]<\/p>\n","protected":false},"author":1,"featured_media":0,"parent":0,"menu_order":0,"comment_status":"closed","ping_status":"closed","template":"","meta":{"footnotes":""},"class_list":["post-4258","page","type-page","status-publish","hentry"],"yoast_head":"<!-- This site is optimized with the Yoast SEO plugin v26.8 - https:\/\/yoast.com\/product\/yoast-seo-wordpress\/ -->\n<title>Partnerschaftskomitee der Gemeinde Wedemark<\/title>\n<meta name=\"description\" content=\"Das St\u00e4dtpartnerschaftskomitee der Gemeinde Wedemark pflegt Freundschaften mit Frankreich und Schweden. Erfahre mehr \u00fcber uns!\" \/>\n<meta name=\"robots\" content=\"index, follow, max-snippet:-1, max-image-preview:large, max-video-preview:-1\" \/>\n<link rel=\"canonical\" href=\"https:\/\/staedtepartnerschaften-wedemark.de\/de\/kalender\/\" \/>\n<meta property=\"og:locale\" content=\"de_DE\" \/>\n<meta property=\"og:type\" content=\"article\" \/>\n<meta property=\"og:title\" content=\"Partnerschaftskomitee der Gemeinde Wedemark\" \/>\n<meta property=\"og:description\" content=\"Das St\u00e4dtpartnerschaftskomitee der Gemeinde Wedemark pflegt Freundschaften mit Frankreich und Schweden. Erfahre mehr \u00fcber uns!\" \/>\n<meta property=\"og:url\" content=\"https:\/\/staedtepartnerschaften-wedemark.de\/de\/kalender\/\" \/>\n<meta property=\"og:site_name\" content=\"Partnerschaftskomitee\" \/>\n<meta property=\"article:modified_time\" content=\"2024-09-17T20:16:22+00:00\" \/>\n<meta name=\"twitter:card\" content=\"summary_large_image\" \/>\n<meta name=\"twitter:label1\" content=\"Gesch\u00e4tzte Lesezeit\" \/>\n\t<meta name=\"twitter:data1\" content=\"1\u00a0Minute\" \/>\n<script type=\"application\/ld+json\" class=\"yoast-schema-graph\">{\"@context\":\"https:\/\/schema.org\",\"@graph\":[{\"@type\":\"WebPage\",\"@id\":\"https:\/\/staedtepartnerschaften-wedemark.de\/kalender\/\",\"url\":\"https:\/\/staedtepartnerschaften-wedemark.de\/kalender\/\",\"name\":\"Partnerschaftskomitee der Gemeinde Wedemark\",\"isPartOf\":{\"@id\":\"https:\/\/staedtepartnerschaften-wedemark.de\/#website\"},\"datePublished\":\"2024-09-17T17:37:35+00:00\",\"dateModified\":\"2024-09-17T20:16:22+00:00\",\"description\":\"Das St\u00e4dtpartnerschaftskomitee der Gemeinde Wedemark pflegt Freundschaften mit Frankreich und Schweden. Erfahre mehr \u00fcber uns!\",\"breadcrumb\":{\"@id\":\"https:\/\/staedtepartnerschaften-wedemark.de\/kalender\/#breadcrumb\"},\"inLanguage\":\"de\",\"potentialAction\":[{\"@type\":\"ReadAction\",\"target\":[\"https:\/\/staedtepartnerschaften-wedemark.de\/kalender\/\"]}]},{\"@type\":\"BreadcrumbList\",\"@id\":\"https:\/\/staedtepartnerschaften-wedemark.de\/kalender\/#breadcrumb\",\"itemListElement\":[{\"@type\":\"ListItem\",\"position\":1,\"name\":\"Startseite\",\"item\":\"https:\/\/staedtepartnerschaften-wedemark.de\/\"},{\"@type\":\"ListItem\",\"position\":2,\"name\":\"Kalender\"}]},{\"@type\":\"WebSite\",\"@id\":\"https:\/\/staedtepartnerschaften-wedemark.de\/#website\",\"url\":\"https:\/\/staedtepartnerschaften-wedemark.de\/\",\"name\":\"Partnerschaftskomitee\",\"description\":\"der Gemeinde Wedemark\",\"publisher\":{\"@id\":\"https:\/\/staedtepartnerschaften-wedemark.de\/#organization\"},\"potentialAction\":[{\"@type\":\"SearchAction\",\"target\":{\"@type\":\"EntryPoint\",\"urlTemplate\":\"https:\/\/staedtepartnerschaften-wedemark.de\/?s={search_term_string}\"},\"query-input\":{\"@type\":\"PropertyValueSpecification\",\"valueRequired\":true,\"valueName\":\"search_term_string\"}}],\"inLanguage\":\"de\"},{\"@type\":\"Organization\",\"@id\":\"https:\/\/staedtepartnerschaften-wedemark.de\/#organization\",\"name\":\"Partnerschaftskomitee der Gemeinde Wedemark\",\"url\":\"https:\/\/staedtepartnerschaften-wedemark.de\/\",\"logo\":{\"@type\":\"ImageObject\",\"inLanguage\":\"de\",\"@id\":\"https:\/\/staedtepartnerschaften-wedemark.de\/#\/schema\/logo\/image\/\",\"url\":\"https:\/\/staedtepartnerschaften-wedemark.de\/wp-content\/uploads\/2021\/09\/Sta\u0308dtepartnerschaft-Wedemark_Website_Logo_Login.png\",\"contentUrl\":\"https:\/\/staedtepartnerschaften-wedemark.de\/wp-content\/uploads\/2021\/09\/Sta\u0308dtepartnerschaft-Wedemark_Website_Logo_Login.png\",\"width\":250,\"height\":100,\"caption\":\"Partnerschaftskomitee der Gemeinde Wedemark\"},\"image\":{\"@id\":\"https:\/\/staedtepartnerschaften-wedemark.de\/#\/schema\/logo\/image\/\"}}]}<\/script>\n<!-- \/ Yoast SEO plugin. -->","yoast_head_json":{"title":"Partnerschaftskomitee der Gemeinde Wedemark","description":"Das St\u00e4dtpartnerschaftskomitee der Gemeinde Wedemark pflegt Freundschaften mit Frankreich und Schweden. Erfahre mehr \u00fcber uns!","robots":{"index":"index","follow":"follow","max-snippet":"max-snippet:-1","max-image-preview":"max-image-preview:large","max-video-preview":"max-video-preview:-1"},"canonical":"https:\/\/staedtepartnerschaften-wedemark.de\/de\/kalender\/","og_locale":"de_DE","og_type":"article","og_title":"Partnerschaftskomitee der Gemeinde Wedemark","og_description":"Das St\u00e4dtpartnerschaftskomitee der Gemeinde Wedemark pflegt Freundschaften mit Frankreich und Schweden. Erfahre mehr \u00fcber uns!","og_url":"https:\/\/staedtepartnerschaften-wedemark.de\/de\/kalender\/","og_site_name":"Partnerschaftskomitee","article_modified_time":"2024-09-17T20:16:22+00:00","twitter_card":"summary_large_image","twitter_misc":{"Gesch\u00e4tzte Lesezeit":"1\u00a0Minute"},"schema":{"@context":"https:\/\/schema.org","@graph":[{"@type":"WebPage","@id":"https:\/\/staedtepartnerschaften-wedemark.de\/kalender\/","url":"https:\/\/staedtepartnerschaften-wedemark.de\/kalender\/","name":"Partnerschaftskomitee der Gemeinde Wedemark","isPartOf":{"@id":"https:\/\/staedtepartnerschaften-wedemark.de\/#website"},"datePublished":"2024-09-17T17:37:35+00:00","dateModified":"2024-09-17T20:16:22+00:00","description":"Das St\u00e4dtpartnerschaftskomitee der Gemeinde Wedemark pflegt Freundschaften mit Frankreich und Schweden. Erfahre mehr \u00fcber uns!","breadcrumb":{"@id":"https:\/\/staedtepartnerschaften-wedemark.de\/kalender\/#breadcrumb"},"inLanguage":"de","potentialAction":[{"@type":"ReadAction","target":["https:\/\/staedtepartnerschaften-wedemark.de\/kalender\/"]}]},{"@type":"BreadcrumbList","@id":"https:\/\/staedtepartnerschaften-wedemark.de\/kalender\/#breadcrumb","itemListElement":[{"@type":"ListItem","position":1,"name":"Startseite","item":"https:\/\/staedtepartnerschaften-wedemark.de\/"},{"@type":"ListItem","position":2,"name":"Kalender"}]},{"@type":"WebSite","@id":"https:\/\/staedtepartnerschaften-wedemark.de\/#website","url":"https:\/\/staedtepartnerschaften-wedemark.de\/","name":"Partnerschaftskomitee","description":"der Gemeinde Wedemark","publisher":{"@id":"https:\/\/staedtepartnerschaften-wedemark.de\/#organization"},"potentialAction":[{"@type":"SearchAction","target":{"@type":"EntryPoint","urlTemplate":"https:\/\/staedtepartnerschaften-wedemark.de\/?s={search_term_string}"},"query-input":{"@type":"PropertyValueSpecification","valueRequired":true,"valueName":"search_term_string"}}],"inLanguage":"de"},{"@type":"Organization","@id":"https:\/\/staedtepartnerschaften-wedemark.de\/#organization","name":"Partnerschaftskomitee der Gemeinde Wedemark","url":"https:\/\/staedtepartnerschaften-wedemark.de\/","logo":{"@type":"ImageObject","inLanguage":"de","@id":"https:\/\/staedtepartnerschaften-wedemark.de\/#\/schema\/logo\/image\/","url":"https:\/\/staedtepartnerschaften-wedemark.de\/wp-content\/uploads\/2021\/09\/Sta\u0308dtepartnerschaft-Wedemark_Website_Logo_Login.png","contentUrl":"https:\/\/staedtepartnerschaften-wedemark.de\/wp-content\/uploads\/2021\/09\/Sta\u0308dtepartnerschaft-Wedemark_Website_Logo_Login.png","width":250,"height":100,"caption":"Partnerschaftskomitee der Gemeinde Wedemark"},"image":{"@id":"https:\/\/staedtepartnerschaften-wedemark.de\/#\/schema\/logo\/image\/"}}]}},"_links":{"self":[{"href":"https:\/\/staedtepartnerschaften-wedemark.de\/de\/wp-json\/wp\/v2\/pages\/4258","targetHints":{"allow":["GET"]}}],"collection":[{"href":"https:\/\/staedtepartnerschaften-wedemark.de\/de\/wp-json\/wp\/v2\/pages"}],"about":[{"href":"https:\/\/staedtepartnerschaften-wedemark.de\/de\/wp-json\/wp\/v2\/types\/page"}],"author":[{"embeddable":true,"href":"https:\/\/staedtepartnerschaften-wedemark.de\/de\/wp-json\/wp\/v2\/users\/1"}],"replies":[{"embeddable":true,"href":"https:\/\/staedtepartnerschaften-wedemark.de\/de\/wp-json\/wp\/v2\/comments?post=4258"}],"version-history":[{"count":88,"href":"https:\/\/staedtepartnerschaften-wedemark.de\/de\/wp-json\/wp\/v2\/pages\/4258\/revisions"}],"predecessor-version":[{"id":4404,"href":"https:\/\/staedtepartnerschaften-wedemark.de\/de\/wp-json\/wp\/v2\/pages\/4258\/revisions\/4404"}],"wp:attachment":[{"href":"https:\/\/staedtepartnerschaften-wedemark.de\/de\/wp-json\/wp\/v2\/media?parent=4258"}],"curies":[{"name":"wp","href":"https:\/\/api.w.org\/{rel}","templated":true}]}}