{"id":4035,"date":"2024-09-17T17:37:41","date_gmt":"2024-09-17T15:37:41","guid":{"rendered":"https:\/\/staedtepartnerschaften-wedemark.de\/?page_id=4035"},"modified":"2024-09-17T17:42:58","modified_gmt":"2024-09-17T15:42:58","slug":"barrierefreiheit","status":"publish","type":"page","link":"https:\/\/staedtepartnerschaften-wedemark.de\/en\/barrierefreiheit\/","title":{"rendered":"Accessibility"},"content":{"rendered":"<div data-elementor-type=\"wp-page\" data-elementor-id=\"4035\" class=\"elementor elementor-4035\" data-elementor-post-type=\"page\">\n\t\t\t\t\t\t<section class=\"elementor-section elementor-top-section elementor-element elementor-element-7088b421 elementor-section-boxed elementor-section-height-default elementor-section-height-default\" data-id=\"7088b421\" data-element_type=\"section\">\n\t\t\t\t\t\t<div class=\"elementor-container elementor-column-gap-default\">\n\t\t\t\t\t<div class=\"elementor-column elementor-col-100 elementor-top-column elementor-element elementor-element-4ad527c4\" data-id=\"4ad527c4\" data-element_type=\"column\">\n\t\t\t<div class=\"elementor-widget-wrap elementor-element-populated\">\n\t\t\t\t\t\t<div class=\"elementor-element elementor-element-07bfa6b elementor-widget elementor-widget-spacer\" data-id=\"07bfa6b\" data-element_type=\"widget\" data-widget_type=\"spacer.default\">\n\t\t\t\t<div class=\"elementor-widget-container\">\n\t\t\t\t\t\t\t<div class=\"elementor-spacer\">\n\t\t\t<div class=\"elementor-spacer-inner\"><\/div>\n\t\t<\/div>\n\t\t\t\t\t\t<\/div>\n\t\t\t\t<\/div>\n\t\t\t\t<div class=\"elementor-element elementor-element-eb6a008 elementor-widget elementor-widget-heading\" data-id=\"eb6a008\" data-element_type=\"widget\" data-widget_type=\"heading.default\">\n\t\t\t\t<div class=\"elementor-widget-container\">\n\t\t\t\t\t<h2 class=\"elementor-heading-title elementor-size-default\">Accessibility<\/h2>\t\t\t\t<\/div>\n\t\t\t\t<\/div>\n\t\t\t\t<div class=\"elementor-element elementor-element-5a4d3a2e elementor-widget elementor-widget-text-editor\" data-id=\"5a4d3a2e\" data-element_type=\"widget\" data-widget_type=\"text-editor.default\">\n\t\t\t\t<div class=\"elementor-widget-container\">\n\t\t\t\t\t\t\t\t\t<h5>Hinweise zur Barrierefreiheit dieser Seite<\/h5><p>Das Partnerschaftskomitee der Gemeinde Wedemark bem\u00fcht sich, ihre Webseiten und mobilen Anwendungen barrierefrei zug\u00e4nglich zu machen. Die Erkl\u00e4rung zur digitalen Barrierefreiheit wird im Nieders\u00e4chsischen Behindertengleichstellungsgesetz (NBGG) verlangt.<\/p><p>Diese Erkl\u00e4rung zur Barrierefreiheit gilt f\u00fcr die Webseite\u00a0<a class=\"link_katalog nolis-link-extern\" title=\"Wedemark Startseite (https:\/\/wedemark.de)\" href=\"https:\/\/wedemark.de\/\" target=\"_blank\" rel=\"noopener\">www.staedtepartnerschaften-wedemark.de<\/a>.<\/p><h5>Stand der Vereinbarkeit mit den Anforderungen<\/h5><p>Dieser Webauftritt ist \u00fcberwiegend, aber noch nicht vollumf\u00e4nglich barrierefrei. Die Anforderungen der BITV 2.0 werden weitgehend erf\u00fcllt.<\/p><h5>Momentan werden folgende Funktionen unterst\u00fctzt<\/h5><ul><li>Ausreichende Kontraste<\/li><li>Schrift\/Darstellung vergr\u00f6\u00dfern: Die Vergr\u00f6\u00dferung der Seitendarstellung mit den g\u00e4ngigen Browsern (zum Beispiel Firefox, Google Chrome, Microsoft Edge, Opera und Apple Safari) erfolgt bei Windows mit \u201eSTRG\u201c und \u201e+\u201c und bei Apple mit \u201ecmd\u201c und \u201e+\u201c.<\/li><li>Schrift\/Darstellung verkleinern: Die Verkleinerung der Seitendarstellung mit den g\u00e4ngigen Browsern (zum Beispiel Firefox, Google Chrome, Microsoft Edge, Opera und Apple Safari) erfolgt bei Windows mit \u201eSTRG\u201c und \u201e-\u201c und bei Apple mit \u201ecmd\u201c und \u201e-\u201c.<\/li><li>Hinterlegung von Alternativtexten f\u00fcr Bilder. Beim Gleiten der Maus \u00fcber ein Bild wird der Bildinhalt erl\u00e4utert. Diese Angaben werden von einer Vorlese-Software ber\u00fccksichtigt.<\/li><li>Logischer Aufbau und Gliederung der Inhalte.<\/li><\/ul><h5>Nicht barrierefreie Inhalte<\/h5><p>Die nachstehend aufgef\u00fchrten Inhalte sind aus folgenden Gr\u00fcnden nicht barrierefrei:<\/p><ul><li>In den Webauftritt eingebundene Dokumente (.pdf, .doc, etc.)<br \/>Begr\u00fcndung:<br \/>Die gro\u00dfe Anzahl bereitgestellter Dokumente, die teilweise bereits \u00e4lteren Datums sind, hat bisher eine \u00dcbertragung in ein barrierefreies Format nicht erm\u00f6glicht. Diese Dokumente werden sukzessive angepasst. Dokumente, die von Dritten (z.B. andere Organisationen, Ministerien, u.a.) bereitgestellt werden, liegen nicht barrierefrei vor.<\/li><li>In den Webauftritt eingebundene Video- und und Audio-Elemente<br \/>Begr\u00fcndung:<br \/>Die Bereitstellung von Video- und Audiodeskriptionen konnte bislang nicht realisiert werden.<\/li><li>Kartografie innerhalb der Webseite<br \/>Begr\u00fcndung:<br \/>Eine kartografische Darstellung ist eine hilfreiche und sehr n\u00fctzliche Erg\u00e4nzung von Informationen. Kartografie ist dem Wesen nach eine bildliche Darstellung, die somit den Anforderungen der BITV nicht entsprechen kann.<\/li><li>Redaktionelle Inhalte (teilweise)<br \/>Begr\u00fcndung:<br \/>Auf Grund der komplexen Inhalte, die zumindest teilweise in dieser Webseite ver\u00f6ffentlicht werden, ist eine einfache Sprachgestaltung (beispielsweise der Verzicht auf Fachbegriffe, ggf. auch fremdsprachige) nicht immer m\u00f6glich. Zur Verdeutlichung von Zusammenh\u00e4ngen und zur besseren Veranschaulichung werden bildliche Darstellungen (z.B. Infografiken) oder tabellarische Auflistungen verwendet. Diese sind nicht barrierefrei darstellbar.<\/li><li>Hauptnavigation und Elemente der Startseite (unter bestimmten Voraussetzungen)<br \/>Begr\u00fcndung:<br \/>Die Anforderung, dass s\u00e4mtliche Textinhalte sich in Bezug auf die Zeilen-, Absatz-, Wort- und Buchstaben-Abst\u00e4nde auf bestimmte Werte vergr\u00f6\u00dfern lassen m\u00fcssen, ist bei den vier Hauptnavigationspunkten sowie beim Meldungs- und Veranstaltungsblock auf der Startseite aufgrund der Vorgaben des Layouts nicht zu 100 % technisch umsetzbar. Diese Elemente w\u00e4ren bei entsprechender Vergr\u00f6\u00dferung der Abst\u00e4nde nicht mehr vollst\u00e4ndig bzw. qualitativ lesbar.<\/li><\/ul><h5>Ihre Hinweise und Anregungen<\/h5><p>Unser Ziel ist es, Artikel so zu schreiben, dass sie auch von Besuchern verstanden werden, die mit der jeweiligen Thematik nicht oder nur oberfl\u00e4chlich vertraut sind. Gerne nehmen wir Ihre Anregungen auf, wenn Ihrer Ansicht nach ein Beitrag die zu vermittelnden Inhalte unn\u00f6tig kompliziert darstellt.<br \/>Nutzen Sie dazu gerne unser entsprechendes Formular, das Sie unter folgendem Link aufrufen k\u00f6nnen:\u00a0<a class=\"link_katalog nolis-link-extern\" title=\"Kontakt (http:\/\/wedemark.de\/portal\/kontakt.html?titel=Kontakt&amp;naviID=reset2)\" href=\"https:\/\/staedtepartnerschaften-wedemark.de\/en\/kontakt\/\" target=\"_blank\" rel=\"noopener\">Kontaktformular<\/a><\/p><p>oder wenden Sie sich an:<\/p><ol><li>Vorsitzende des Partnerschaftskomitees der Gemeinde Wedemark<br \/>Fritz-Sennheiser-Platz 1<br \/>30900 Wedemark<br \/>e-mail:\u00a0<a class=\"link_katalog nolis-link-intern nolis-link-mailto\" title=\"gemeinde@wedemark.de\" href=\"mailto:kontakt@staedtepartnerschaften-wedemark.de\">gemeinde@wedemark.de<\/a><\/li><\/ol><p>\u00a0<\/p><h5>Schlichtungsstelle<\/h5><p>Das Land Niedersachsen richtet laut \u00a7 9 d, Abs. 1 NBGG eine Schlichtungsstelle bei der Landesbeauftragten f\u00fcr Menschen mit Behinderungen ein. Kontaktdaten:<\/p><p>Schlichtungsstelle nach \u00a7 9d NBGG im B\u00fcro der Landesbeauftragten f\u00fcr Menschen mit Behinderungen<br \/>Hannah-Arendt-Platz 2<br \/>30159 Hannover<br \/>Tel.: 0511\/120-4010<br \/>Fax: 0511\/120-99 4010<br \/>e-mail:\u00a0<br \/><a class=\"link_katalog nolis-link-intern nolis-link-mailto\" style=\"background-color: #ffffff;\" title=\"schlichtungsstelle@ms.niedersachsen.de\" href=\"mailto:schlichtungsstelle@ms.niedersachsen.de\">schlichtungsstelle@ms.niedersachsen.de<\/a><br \/><a href=\"mailto:landesbeauftragte@ms.niedersachsen.de\">landesbeauftragte@ms.niedersachsen.de<\/a><\/p><h5>Erstellung dieser Erkl\u00e4rung zur Barrierefreiheit<\/h5><p>Diese Erkl\u00e4rung wurde am 15.09.2021 erstellt.<br \/>Die Erkl\u00e4rung wurde zuletzt am 15.09.2021 \u00fcberpr\u00fcft.<\/p>\t\t\t\t\t\t\t\t<\/div>\n\t\t\t\t<\/div>\n\t\t\t\t\t<\/div>\n\t\t<\/div>\n\t\t\t\t\t<\/div>\n\t\t<\/section>\n\t\t\t\t<section class=\"elementor-section elementor-top-section elementor-element elementor-element-7c5c59e elementor-section-full_width elementor-section-height-default elementor-section-height-default\" data-id=\"7c5c59e\" data-element_type=\"section\">\n\t\t\t\t\t\t<div class=\"elementor-container elementor-column-gap-default\">\n\t\t\t\t\t<div class=\"elementor-column elementor-col-100 elementor-top-column elementor-element elementor-element-3aa211c\" data-id=\"3aa211c\" data-element_type=\"column\">\n\t\t\t<div class=\"elementor-widget-wrap elementor-element-populated\">\n\t\t\t\t\t\t<section class=\"elementor-section elementor-inner-section elementor-element elementor-element-f656eb6 elementor-section-boxed elementor-section-height-default elementor-section-height-default\" data-id=\"f656eb6\" data-element_type=\"section\">\n\t\t\t\t\t\t<div class=\"elementor-container elementor-column-gap-default\">\n\t\t\t\t\t<div class=\"elementor-column elementor-col-50 elementor-inner-column elementor-element elementor-element-71319d7\" data-id=\"71319d7\" data-element_type=\"column\">\n\t\t\t<div class=\"elementor-widget-wrap elementor-element-populated\">\n\t\t\t\t\t\t<div class=\"elementor-element elementor-element-f92daaf elementor-widget elementor-widget-text-editor\" data-id=\"f92daaf\" data-element_type=\"widget\" data-widget_type=\"text-editor.default\">\n\t\t\t\t<div class=\"elementor-widget-container\">\n\t\t\t\t\t\t\t\t\t<p>Du m\u00f6chtest mehr \u00fcber uns und unser Komitee wissen? Gerne informieren wir dich ausf\u00fchrlich \u00fcber uns. <strong>Nimm gerne Kontakt zu uns auf!<\/strong><\/p>\t\t\t\t\t\t\t\t<\/div>\n\t\t\t\t<\/div>\n\t\t\t\t\t<\/div>\n\t\t<\/div>\n\t\t\t\t<div class=\"elementor-column elementor-col-50 elementor-inner-column elementor-element elementor-element-7d4ab5e\" data-id=\"7d4ab5e\" data-element_type=\"column\">\n\t\t\t<div class=\"elementor-widget-wrap elementor-element-populated\">\n\t\t\t\t\t\t<div class=\"elementor-element elementor-element-9513dc2 elementor-align-right elementor-widget elementor-widget-button\" data-id=\"9513dc2\" data-element_type=\"widget\" data-widget_type=\"button.default\">\n\t\t\t\t<div class=\"elementor-widget-container\">\n\t\t\t\t\t\t\t\t\t<div class=\"elementor-button-wrapper\">\n\t\t\t\t\t<a class=\"elementor-button elementor-button-link elementor-size-md\" href=\"https:\/\/staedtepartnerschaften-wedemark.de\/en\/kontakt\/\">\n\t\t\t\t\t\t<span class=\"elementor-button-content-wrapper\">\n\t\t\t\t\t\t<span class=\"elementor-button-icon\">\n\t\t\t\t<i aria-hidden=\"true\" class=\"fas fa-long-arrow-alt-right\"><\/i>\t\t\t<\/span>\n\t\t\t\t\t\t\t\t\t<span class=\"elementor-button-text\"> Contact<\/span>\n\t\t\t\t\t<\/span>\n\t\t\t\t\t<\/a>\n\t\t\t\t<\/div>\n\t\t\t\t\t\t\t\t<\/div>\n\t\t\t\t<\/div>\n\t\t\t\t\t<\/div>\n\t\t<\/div>\n\t\t\t\t\t<\/div>\n\t\t<\/section>\n\t\t\t\t\t<\/div>\n\t\t<\/div>\n\t\t\t\t\t<\/div>\n\t\t<\/section>\n\t\t\t\t<\/div>","protected":false},"excerpt":{"rendered":"<p>Barrierefreiheit Hinweise zur Barrierefreiheit dieser Seite Das Partnerschaftskomitee der Gemeinde Wedemark bem\u00fcht sich, ihre Webseiten und mobilen Anwendungen barrierefrei zug\u00e4nglich zu machen. Die Erkl\u00e4rung zur digitalen Barrierefreiheit wird im Nieders\u00e4chsischen Behindertengleichstellungsgesetz (NBGG) verlangt. Diese Erkl\u00e4rung zur Barrierefreiheit gilt f\u00fcr die Webseite\u00a0www.staedtepartnerschaften-wedemark.de. Stand der Vereinbarkeit mit den Anforderungen Dieser Webauftritt ist \u00fcberwiegend, aber noch nicht vollumf\u00e4nglich [&hellip;]<\/p>","protected":false},"author":1,"featured_media":0,"parent":0,"menu_order":0,"comment_status":"closed","ping_status":"closed","template":"","meta":{"footnotes":""},"class_list":["post-4035","page","type-page","status-publish","hentry"],"yoast_head":"<!-- This site is optimized with the Yoast SEO plugin v26.8 - https:\/\/yoast.com\/product\/yoast-seo-wordpress\/ -->\n<title>Partnerschaftskomitee der Gemeinde Wedemark<\/title>\n<meta name=\"description\" content=\"Das St\u00e4dtpartnerschaftskomitee der Gemeinde Wedemark pflegt Freundschaften mit Frankreich und Schweden. Erfahre mehr \u00fcber uns!\" \/>\n<meta name=\"robots\" content=\"index, follow, max-snippet:-1, max-image-preview:large, max-video-preview:-1\" \/>\n<link rel=\"canonical\" href=\"https:\/\/staedtepartnerschaften-wedemark.de\/en\/barrierefreiheit\/\" \/>\n<meta property=\"og:locale\" content=\"en_GB\" \/>\n<meta property=\"og:type\" content=\"article\" \/>\n<meta property=\"og:title\" content=\"Partnerschaftskomitee der Gemeinde Wedemark\" \/>\n<meta property=\"og:description\" content=\"Das St\u00e4dtpartnerschaftskomitee der Gemeinde Wedemark pflegt Freundschaften mit Frankreich und Schweden. Erfahre mehr \u00fcber uns!\" \/>\n<meta property=\"og:url\" content=\"https:\/\/staedtepartnerschaften-wedemark.de\/en\/barrierefreiheit\/\" \/>\n<meta property=\"og:site_name\" content=\"Partnerschaftskomitee\" \/>\n<meta property=\"article:modified_time\" content=\"2024-09-17T15:42:58+00:00\" \/>\n<meta name=\"twitter:card\" content=\"summary_large_image\" \/>\n<meta name=\"twitter:label1\" content=\"Estimated reading time\" \/>\n\t<meta name=\"twitter:data1\" content=\"4 minutes\" \/>\n<script type=\"application\/ld+json\" class=\"yoast-schema-graph\">{\"@context\":\"https:\/\/schema.org\",\"@graph\":[{\"@type\":\"WebPage\",\"@id\":\"https:\/\/staedtepartnerschaften-wedemark.de\/de\/barrierefreiheit\/\",\"url\":\"https:\/\/staedtepartnerschaften-wedemark.de\/de\/barrierefreiheit\/\",\"name\":\"Partnerschaftskomitee der Gemeinde Wedemark\",\"isPartOf\":{\"@id\":\"https:\/\/staedtepartnerschaften-wedemark.de\/#website\"},\"datePublished\":\"2024-09-17T15:37:41+00:00\",\"dateModified\":\"2024-09-17T15:42:58+00:00\",\"description\":\"Das St\u00e4dtpartnerschaftskomitee der Gemeinde Wedemark pflegt Freundschaften mit Frankreich und Schweden. Erfahre mehr \u00fcber uns!\",\"breadcrumb\":{\"@id\":\"https:\/\/staedtepartnerschaften-wedemark.de\/de\/barrierefreiheit\/#breadcrumb\"},\"inLanguage\":\"en-GB\",\"potentialAction\":[{\"@type\":\"ReadAction\",\"target\":[\"https:\/\/staedtepartnerschaften-wedemark.de\/de\/barrierefreiheit\/\"]}]},{\"@type\":\"BreadcrumbList\",\"@id\":\"https:\/\/staedtepartnerschaften-wedemark.de\/de\/barrierefreiheit\/#breadcrumb\",\"itemListElement\":[{\"@type\":\"ListItem\",\"position\":1,\"name\":\"Startseite\",\"item\":\"https:\/\/staedtepartnerschaften-wedemark.de\/\"},{\"@type\":\"ListItem\",\"position\":2,\"name\":\"Barrierefreiheit\"}]},{\"@type\":\"WebSite\",\"@id\":\"https:\/\/staedtepartnerschaften-wedemark.de\/#website\",\"url\":\"https:\/\/staedtepartnerschaften-wedemark.de\/\",\"name\":\"Partnerschaftskomitee\",\"description\":\"der Gemeinde Wedemark\",\"publisher\":{\"@id\":\"https:\/\/staedtepartnerschaften-wedemark.de\/#organization\"},\"potentialAction\":[{\"@type\":\"SearchAction\",\"target\":{\"@type\":\"EntryPoint\",\"urlTemplate\":\"https:\/\/staedtepartnerschaften-wedemark.de\/?s={search_term_string}\"},\"query-input\":{\"@type\":\"PropertyValueSpecification\",\"valueRequired\":true,\"valueName\":\"search_term_string\"}}],\"inLanguage\":\"en-GB\"},{\"@type\":\"Organization\",\"@id\":\"https:\/\/staedtepartnerschaften-wedemark.de\/#organization\",\"name\":\"Partnerschaftskomitee der Gemeinde Wedemark\",\"url\":\"https:\/\/staedtepartnerschaften-wedemark.de\/\",\"logo\":{\"@type\":\"ImageObject\",\"inLanguage\":\"en-GB\",\"@id\":\"https:\/\/staedtepartnerschaften-wedemark.de\/#\/schema\/logo\/image\/\",\"url\":\"https:\/\/staedtepartnerschaften-wedemark.de\/wp-content\/uploads\/2021\/09\/Sta\u0308dtepartnerschaft-Wedemark_Website_Logo_Login.png\",\"contentUrl\":\"https:\/\/staedtepartnerschaften-wedemark.de\/wp-content\/uploads\/2021\/09\/Sta\u0308dtepartnerschaft-Wedemark_Website_Logo_Login.png\",\"width\":250,\"height\":100,\"caption\":\"Partnerschaftskomitee der Gemeinde Wedemark\"},\"image\":{\"@id\":\"https:\/\/staedtepartnerschaften-wedemark.de\/#\/schema\/logo\/image\/\"}}]}<\/script>\n<!-- \/ Yoast SEO plugin. -->","yoast_head_json":{"title":"Partnership committee of the municipality of Wedemark","description":"Das St\u00e4dtpartnerschaftskomitee der Gemeinde Wedemark pflegt Freundschaften mit Frankreich und Schweden. Erfahre mehr \u00fcber uns!","robots":{"index":"index","follow":"follow","max-snippet":"max-snippet:-1","max-image-preview":"max-image-preview:large","max-video-preview":"max-video-preview:-1"},"canonical":"https:\/\/staedtepartnerschaften-wedemark.de\/en\/barrierefreiheit\/","og_locale":"en_GB","og_type":"article","og_title":"Partnerschaftskomitee der Gemeinde Wedemark","og_description":"Das St\u00e4dtpartnerschaftskomitee der Gemeinde Wedemark pflegt Freundschaften mit Frankreich und Schweden. Erfahre mehr \u00fcber uns!","og_url":"https:\/\/staedtepartnerschaften-wedemark.de\/en\/barrierefreiheit\/","og_site_name":"Partnerschaftskomitee","article_modified_time":"2024-09-17T15:42:58+00:00","twitter_card":"summary_large_image","twitter_misc":{"Estimated reading time":"4 minutes"},"schema":{"@context":"https:\/\/schema.org","@graph":[{"@type":"WebPage","@id":"https:\/\/staedtepartnerschaften-wedemark.de\/de\/barrierefreiheit\/","url":"https:\/\/staedtepartnerschaften-wedemark.de\/de\/barrierefreiheit\/","name":"Partnership committee of the municipality of Wedemark","isPartOf":{"@id":"https:\/\/staedtepartnerschaften-wedemark.de\/#website"},"datePublished":"2024-09-17T15:37:41+00:00","dateModified":"2024-09-17T15:42:58+00:00","description":"Das St\u00e4dtpartnerschaftskomitee der Gemeinde Wedemark pflegt Freundschaften mit Frankreich und Schweden. Erfahre mehr \u00fcber uns!","breadcrumb":{"@id":"https:\/\/staedtepartnerschaften-wedemark.de\/de\/barrierefreiheit\/#breadcrumb"},"inLanguage":"en-GB","potentialAction":[{"@type":"ReadAction","target":["https:\/\/staedtepartnerschaften-wedemark.de\/de\/barrierefreiheit\/"]}]},{"@type":"BreadcrumbList","@id":"https:\/\/staedtepartnerschaften-wedemark.de\/de\/barrierefreiheit\/#breadcrumb","itemListElement":[{"@type":"ListItem","position":1,"name":"Startseite","item":"https:\/\/staedtepartnerschaften-wedemark.de\/"},{"@type":"ListItem","position":2,"name":"Barrierefreiheit"}]},{"@type":"WebSite","@id":"https:\/\/staedtepartnerschaften-wedemark.de\/#website","url":"https:\/\/staedtepartnerschaften-wedemark.de\/","name":"Partnership Committee","description":"der Gemeinde Wedemark","publisher":{"@id":"https:\/\/staedtepartnerschaften-wedemark.de\/#organization"},"potentialAction":[{"@type":"SearchAction","target":{"@type":"EntryPoint","urlTemplate":"https:\/\/staedtepartnerschaften-wedemark.de\/?s={search_term_string}"},"query-input":{"@type":"PropertyValueSpecification","valueRequired":true,"valueName":"search_term_string"}}],"inLanguage":"en-GB"},{"@type":"Organization","@id":"https:\/\/staedtepartnerschaften-wedemark.de\/#organization","name":"Partnership committee of the municipality of Wedemark","url":"https:\/\/staedtepartnerschaften-wedemark.de\/","logo":{"@type":"ImageObject","inLanguage":"en-GB","@id":"https:\/\/staedtepartnerschaften-wedemark.de\/#\/schema\/logo\/image\/","url":"https:\/\/staedtepartnerschaften-wedemark.de\/wp-content\/uploads\/2021\/09\/Sta\u0308dtepartnerschaft-Wedemark_Website_Logo_Login.png","contentUrl":"https:\/\/staedtepartnerschaften-wedemark.de\/wp-content\/uploads\/2021\/09\/Sta\u0308dtepartnerschaft-Wedemark_Website_Logo_Login.png","width":250,"height":100,"caption":"Partnerschaftskomitee der Gemeinde Wedemark"},"image":{"@id":"https:\/\/staedtepartnerschaften-wedemark.de\/#\/schema\/logo\/image\/"}}]}},"_links":{"self":[{"href":"https:\/\/staedtepartnerschaften-wedemark.de\/en\/wp-json\/wp\/v2\/pages\/4035","targetHints":{"allow":["GET"]}}],"collection":[{"href":"https:\/\/staedtepartnerschaften-wedemark.de\/en\/wp-json\/wp\/v2\/pages"}],"about":[{"href":"https:\/\/staedtepartnerschaften-wedemark.de\/en\/wp-json\/wp\/v2\/types\/page"}],"author":[{"embeddable":true,"href":"https:\/\/staedtepartnerschaften-wedemark.de\/en\/wp-json\/wp\/v2\/users\/1"}],"replies":[{"embeddable":true,"href":"https:\/\/staedtepartnerschaften-wedemark.de\/en\/wp-json\/wp\/v2\/comments?post=4035"}],"version-history":[{"count":4,"href":"https:\/\/staedtepartnerschaften-wedemark.de\/en\/wp-json\/wp\/v2\/pages\/4035\/revisions"}],"predecessor-version":[{"id":4039,"href":"https:\/\/staedtepartnerschaften-wedemark.de\/en\/wp-json\/wp\/v2\/pages\/4035\/revisions\/4039"}],"wp:attachment":[{"href":"https:\/\/staedtepartnerschaften-wedemark.de\/en\/wp-json\/wp\/v2\/media?parent=4035"}],"curies":[{"name":"wp","href":"https:\/\/api.w.org\/{rel}","templated":true}]}}