{"id":3859,"date":"2024-09-16T20:58:35","date_gmt":"2024-09-16T18:58:35","guid":{"rendered":"https:\/\/staedtepartnerschaften-wedemark.de\/?page_id=3859"},"modified":"2025-01-22T18:01:35","modified_gmt":"2025-01-22T17:01:35","slug":"projekte","status":"publish","type":"page","link":"https:\/\/staedtepartnerschaften-wedemark.de\/fr\/projekte\/","title":{"rendered":"Projets"},"content":{"rendered":"<div data-elementor-type=\"wp-page\" data-elementor-id=\"3859\" class=\"elementor elementor-3859\" data-elementor-post-type=\"page\">\n\t\t\t\t\t\t<section class=\"elementor-section elementor-top-section elementor-element elementor-element-7088b421 elementor-section-boxed elementor-section-height-default elementor-section-height-default\" data-id=\"7088b421\" data-element_type=\"section\">\n\t\t\t\t\t\t<div class=\"elementor-container elementor-column-gap-default\">\n\t\t\t\t\t<div class=\"elementor-column elementor-col-100 elementor-top-column elementor-element elementor-element-4ad527c4\" data-id=\"4ad527c4\" data-element_type=\"column\">\n\t\t\t<div class=\"elementor-widget-wrap elementor-element-populated\">\n\t\t\t\t\t\t<div class=\"elementor-element elementor-element-eb6a008 elementor-widget elementor-widget-heading\" data-id=\"eb6a008\" data-element_type=\"widget\" data-widget_type=\"heading.default\">\n\t\t\t\t<div class=\"elementor-widget-container\">\n\t\t\t\t\t<h2 class=\"elementor-heading-title elementor-size-default\">Nos projets<\/h2>\t\t\t\t<\/div>\n\t\t\t\t<\/div>\n\t\t\t\t<div class=\"elementor-element elementor-element-5a4d3a2e elementor-widget elementor-widget-text-editor\" data-id=\"5a4d3a2e\" data-element_type=\"widget\" data-widget_type=\"text-editor.default\">\n\t\t\t\t<div class=\"elementor-widget-container\">\n\t\t\t\t\t\t\t\t\t<p>Les moments forts de chaque partenariat sont les rencontres communes, mais nous ne nous arr\u00eatons \u00e9videmment pas en dehors de celles-ci. Nous sommes toujours \u00e0 la recherche de nouvelles possibilit\u00e9s pour maintenir la pr\u00e9sence de nos pays partenaires et nous pr\u00e9parer aux \u00e9changes \u00e0 venir.<\/p><p>Librement inspir\u00e9s de notre devise \u00ab Amiti\u00e9 - \u00e9change - coop\u00e9ration \u00bb, notre Stammtisch et notre Caf\u00e9 fran\u00e7ais sont ouverts \u00e0 toutes les personnes int\u00e9ress\u00e9es.<\/p>\t\t\t\t\t\t\t\t<\/div>\n\t\t\t\t<\/div>\n\t\t\t\t<section class=\"elementor-section elementor-inner-section elementor-element elementor-element-700f2f5 elementor-section-boxed elementor-section-height-default elementor-section-height-default\" data-id=\"700f2f5\" data-element_type=\"section\">\n\t\t\t\t\t\t<div class=\"elementor-container elementor-column-gap-default\">\n\t\t\t\t\t<div class=\"elementor-column elementor-col-33 elementor-inner-column elementor-element elementor-element-ad8c504\" data-id=\"ad8c504\" data-element_type=\"column\" data-settings=\"{&quot;background_background&quot;:&quot;classic&quot;}\">\n\t\t\t<div class=\"elementor-widget-wrap elementor-element-populated\">\n\t\t\t\t\t\t<div class=\"elementor-element elementor-element-e7a160c elementor-view-default elementor-widget elementor-widget-icon\" data-id=\"e7a160c\" data-element_type=\"widget\" data-widget_type=\"icon.default\">\n\t\t\t\t<div class=\"elementor-widget-container\">\n\t\t\t\t\t\t\t<div class=\"elementor-icon-wrapper\">\n\t\t\t<div class=\"elementor-icon\">\n\t\t\t<i aria-hidden=\"true\" class=\"fas fa-coffee\"><\/i>\t\t\t<\/div>\n\t\t<\/div>\n\t\t\t\t\t\t<\/div>\n\t\t\t\t<\/div>\n\t\t\t\t<div class=\"elementor-element elementor-element-2d1495e elementor-widget elementor-widget-heading\" data-id=\"2d1495e\" data-element_type=\"widget\" data-widget_type=\"heading.default\">\n\t\t\t\t<div class=\"elementor-widget-container\">\n\t\t\t\t\t<h5 class=\"elementor-heading-title elementor-size-default\">Caf\u00e9 fran\u00e7ais<\/h5>\t\t\t\t<\/div>\n\t\t\t\t<\/div>\n\t\t\t\t<div class=\"elementor-element elementor-element-5b1fb9a elementor-widget elementor-widget-text-editor\" data-id=\"5b1fb9a\" data-element_type=\"widget\" data-widget_type=\"text-editor.default\">\n\t\t\t\t<div class=\"elementor-widget-container\">\n\t\t\t\t\t\t\t\t\t<p>Nous nous r\u00e9unissons chaque troisi\u00e8me jeudi du mois \u00e0 17h30.<\/p>\t\t\t\t\t\t\t\t<\/div>\n\t\t\t\t<\/div>\n\t\t\t\t<div class=\"elementor-element elementor-element-edce7bc elementor-align-center elementor-widget elementor-widget-button\" data-id=\"edce7bc\" data-element_type=\"widget\" data-widget_type=\"button.default\">\n\t\t\t\t<div class=\"elementor-widget-container\">\n\t\t\t\t\t\t\t\t\t<div class=\"elementor-button-wrapper\">\n\t\t\t\t\t<a class=\"elementor-button elementor-button-link elementor-size-sm\" href=\"https:\/\/staedtepartnerschaften-wedemark.de\/fr\/franzoesisch-cafe\/\">\n\t\t\t\t\t\t<span class=\"elementor-button-content-wrapper\">\n\t\t\t\t\t\t\t\t\t<span class=\"elementor-button-text\">Plus d'infos<\/span>\n\t\t\t\t\t<\/span>\n\t\t\t\t\t<\/a>\n\t\t\t\t<\/div>\n\t\t\t\t\t\t\t\t<\/div>\n\t\t\t\t<\/div>\n\t\t\t\t\t<\/div>\n\t\t<\/div>\n\t\t\t\t<div class=\"elementor-column elementor-col-33 elementor-inner-column elementor-element elementor-element-cee1406\" data-id=\"cee1406\" data-element_type=\"column\" data-settings=\"{&quot;background_background&quot;:&quot;classic&quot;}\">\n\t\t\t<div class=\"elementor-widget-wrap elementor-element-populated\">\n\t\t\t\t\t\t<div class=\"elementor-element elementor-element-a5f054e elementor-view-default elementor-widget elementor-widget-icon\" data-id=\"a5f054e\" data-element_type=\"widget\" data-widget_type=\"icon.default\">\n\t\t\t\t<div class=\"elementor-widget-container\">\n\t\t\t\t\t\t\t<div class=\"elementor-icon-wrapper\">\n\t\t\t<div class=\"elementor-icon\">\n\t\t\t<i aria-hidden=\"true\" class=\"far fa-comments\"><\/i>\t\t\t<\/div>\n\t\t<\/div>\n\t\t\t\t\t\t<\/div>\n\t\t\t\t<\/div>\n\t\t\t\t<div class=\"elementor-element elementor-element-d245bf9 elementor-widget elementor-widget-heading\" data-id=\"d245bf9\" data-element_type=\"widget\" data-widget_type=\"heading.default\">\n\t\t\t\t<div class=\"elementor-widget-container\">\n\t\t\t\t\t<h5 class=\"elementor-heading-title elementor-size-default\">Table des habitu\u00e9s<\/h5>\t\t\t\t<\/div>\n\t\t\t\t<\/div>\n\t\t\t\t<div class=\"elementor-element elementor-element-7ed5491 elementor-widget elementor-widget-text-editor\" data-id=\"7ed5491\" data-element_type=\"widget\" data-widget_type=\"text-editor.default\">\n\t\t\t\t<div class=\"elementor-widget-container\">\n\t\t\t\t\t\t\t\t\t<p>Nous nous r\u00e9unissons chaque premier jeudi du mois \u00e0 18h30.<\/p>\t\t\t\t\t\t\t\t<\/div>\n\t\t\t\t<\/div>\n\t\t\t\t<div class=\"elementor-element elementor-element-6e7afe8 elementor-align-center elementor-widget elementor-widget-button\" data-id=\"6e7afe8\" data-element_type=\"widget\" data-widget_type=\"button.default\">\n\t\t\t\t<div class=\"elementor-widget-container\">\n\t\t\t\t\t\t\t\t\t<div class=\"elementor-button-wrapper\">\n\t\t\t\t\t<a class=\"elementor-button elementor-button-link elementor-size-sm\" href=\"https:\/\/staedtepartnerschaften-wedemark.de\/fr\/stammtisch\/\">\n\t\t\t\t\t\t<span class=\"elementor-button-content-wrapper\">\n\t\t\t\t\t\t\t\t\t<span class=\"elementor-button-text\">Plus d'infos<\/span>\n\t\t\t\t\t<\/span>\n\t\t\t\t\t<\/a>\n\t\t\t\t<\/div>\n\t\t\t\t\t\t\t\t<\/div>\n\t\t\t\t<\/div>\n\t\t\t\t\t<\/div>\n\t\t<\/div>\n\t\t\t\t<div class=\"elementor-column elementor-col-33 elementor-inner-column elementor-element elementor-element-b50ee70\" data-id=\"b50ee70\" data-element_type=\"column\" data-settings=\"{&quot;background_background&quot;:&quot;classic&quot;}\">\n\t\t\t<div class=\"elementor-widget-wrap elementor-element-populated\">\n\t\t\t\t\t\t<div class=\"elementor-element elementor-element-aecd4c8 elementor-view-default elementor-widget elementor-widget-icon\" data-id=\"aecd4c8\" data-element_type=\"widget\" data-widget_type=\"icon.default\">\n\t\t\t\t<div class=\"elementor-widget-container\">\n\t\t\t\t\t\t\t<div class=\"elementor-icon-wrapper\">\n\t\t\t<div class=\"elementor-icon\">\n\t\t\t<i aria-hidden=\"true\" class=\"fas fa-baby\"><\/i>\t\t\t<\/div>\n\t\t<\/div>\n\t\t\t\t\t\t<\/div>\n\t\t\t\t<\/div>\n\t\t\t\t<div class=\"elementor-element elementor-element-7275b04 elementor-widget elementor-widget-heading\" data-id=\"7275b04\" data-element_type=\"widget\" data-widget_type=\"heading.default\">\n\t\t\t\t<div class=\"elementor-widget-container\">\n\t\t\t\t\t<h5 class=\"elementor-heading-title elementor-size-default\">\u00c9change de jardins d'enfants<\/h5>\t\t\t\t<\/div>\n\t\t\t\t<\/div>\n\t\t\t\t<div class=\"elementor-element elementor-element-a5cde00 elementor-widget elementor-widget-text-editor\" data-id=\"a5cde00\" data-element_type=\"widget\" data-widget_type=\"text-editor.default\">\n\t\t\t\t<div class=\"elementor-widget-container\">\n\t\t\t\t\t\t\t\t\t<p>Internationale Partnerschaften im Kindesalter. Wir holen unsere j\u00fcngsten Mitglieder ins Boot.<\/p>\t\t\t\t\t\t\t\t<\/div>\n\t\t\t\t<\/div>\n\t\t\t\t<div class=\"elementor-element elementor-element-8d5cc64 elementor-align-center elementor-widget elementor-widget-button\" data-id=\"8d5cc64\" data-element_type=\"widget\" data-widget_type=\"button.default\">\n\t\t\t\t<div class=\"elementor-widget-container\">\n\t\t\t\t\t\t\t\t\t<div class=\"elementor-button-wrapper\">\n\t\t\t\t\t<a class=\"elementor-button elementor-button-link elementor-size-sm\" href=\"https:\/\/staedtepartnerschaften-wedemark.de\/fr\/kindergartenaustausch\/\">\n\t\t\t\t\t\t<span class=\"elementor-button-content-wrapper\">\n\t\t\t\t\t\t\t\t\t<span class=\"elementor-button-text\">Plus d'infos<\/span>\n\t\t\t\t\t<\/span>\n\t\t\t\t\t<\/a>\n\t\t\t\t<\/div>\n\t\t\t\t\t\t\t\t<\/div>\n\t\t\t\t<\/div>\n\t\t\t\t\t<\/div>\n\t\t<\/div>\n\t\t\t\t\t<\/div>\n\t\t<\/section>\n\t\t\t\t\t<\/div>\n\t\t<\/div>\n\t\t\t\t\t<\/div>\n\t\t<\/section>\n\t\t\t\t<section class=\"elementor-section elementor-top-section elementor-element elementor-element-3c98cf6 elementor-section-full_width elementor-section-height-default elementor-section-height-default\" data-id=\"3c98cf6\" data-element_type=\"section\">\n\t\t\t\t\t\t<div class=\"elementor-container elementor-column-gap-default\">\n\t\t\t\t\t<div class=\"elementor-column elementor-col-100 elementor-top-column elementor-element elementor-element-3b2e931\" data-id=\"3b2e931\" data-element_type=\"column\">\n\t\t\t<div class=\"elementor-widget-wrap elementor-element-populated\">\n\t\t\t\t\t\t<section class=\"elementor-section elementor-inner-section elementor-element elementor-element-814a220 elementor-section-boxed elementor-section-height-default elementor-section-height-default\" data-id=\"814a220\" data-element_type=\"section\">\n\t\t\t\t\t\t<div class=\"elementor-container elementor-column-gap-default\">\n\t\t\t\t\t<div class=\"elementor-column elementor-col-50 elementor-inner-column elementor-element elementor-element-59295c7\" data-id=\"59295c7\" data-element_type=\"column\">\n\t\t\t<div class=\"elementor-widget-wrap elementor-element-populated\">\n\t\t\t\t\t\t<div class=\"elementor-element elementor-element-3316671 elementor-widget elementor-widget-text-editor\" data-id=\"3316671\" data-element_type=\"widget\" data-widget_type=\"text-editor.default\">\n\t\t\t\t<div class=\"elementor-widget-container\">\n\t\t\t\t\t\t\t\t\t<p class=\"translation-block\">Tu souhaites en savoir plus sur nos projets ou tu as m\u00eame une id\u00e9e de projet ? N'h\u00e9site pas \u00e0 nous contacter !<\/p>\t\t\t\t\t\t\t\t<\/div>\n\t\t\t\t<\/div>\n\t\t\t\t\t<\/div>\n\t\t<\/div>\n\t\t\t\t<div class=\"elementor-column elementor-col-50 elementor-inner-column elementor-element elementor-element-64168da\" data-id=\"64168da\" data-element_type=\"column\">\n\t\t\t<div class=\"elementor-widget-wrap elementor-element-populated\">\n\t\t\t\t\t\t<div class=\"elementor-element elementor-element-20e06e8 elementor-align-right elementor-widget elementor-widget-button\" data-id=\"20e06e8\" data-element_type=\"widget\" data-widget_type=\"button.default\">\n\t\t\t\t<div class=\"elementor-widget-container\">\n\t\t\t\t\t\t\t\t\t<div class=\"elementor-button-wrapper\">\n\t\t\t\t\t<a class=\"elementor-button elementor-button-link elementor-size-md\" href=\"https:\/\/staedtepartnerschaften-wedemark.de\/fr\/kontakt\/\">\n\t\t\t\t\t\t<span class=\"elementor-button-content-wrapper\">\n\t\t\t\t\t\t<span class=\"elementor-button-icon\">\n\t\t\t\t<i aria-hidden=\"true\" class=\"fas fa-long-arrow-alt-right\"><\/i>\t\t\t<\/span>\n\t\t\t\t\t\t\t\t\t<span class=\"elementor-button-text\"> Contact<\/span>\n\t\t\t\t\t<\/span>\n\t\t\t\t\t<\/a>\n\t\t\t\t<\/div>\n\t\t\t\t\t\t\t\t<\/div>\n\t\t\t\t<\/div>\n\t\t\t\t\t<\/div>\n\t\t<\/div>\n\t\t\t\t\t<\/div>\n\t\t<\/section>\n\t\t\t\t\t<\/div>\n\t\t<\/div>\n\t\t\t\t\t<\/div>\n\t\t<\/section>\n\t\t\t\t<\/div>","protected":false},"excerpt":{"rendered":"<p>Unsere Projekte Die H\u00f6hepunkte einer jeden Partnerschaft sind die gemeinsamen Treffen, aber nat\u00fcrlich stehen wir auch au\u00dferhalb davon nicht still. Wir sind immer auf der Suche nach neuen M\u00f6glichkeiten, um unsere Partnerl\u00e4nder pr\u00e4sent zu halten und uns auf kommende Austausche vorzubereiten. Frei nach unserem Motto \u201eFreundschaft &#8211; Austausch &#8211; Zusammenarbeit\u201c sind unser Stammtisch und unser [&hellip;]<\/p>","protected":false},"author":1,"featured_media":0,"parent":0,"menu_order":0,"comment_status":"closed","ping_status":"closed","template":"","meta":{"footnotes":""},"class_list":["post-3859","page","type-page","status-publish","hentry"],"yoast_head":"<!-- This site is optimized with the Yoast SEO plugin v26.8 - https:\/\/yoast.com\/product\/yoast-seo-wordpress\/ -->\n<title>Partnerschaftskomitee der Gemeinde Wedemark<\/title>\n<meta name=\"description\" content=\"Das St\u00e4dtpartnerschaftskomitee der Gemeinde Wedemark pflegt Freundschaften mit Frankreich und Schweden. Erfahre mehr \u00fcber uns!\" \/>\n<meta name=\"robots\" content=\"index, follow, max-snippet:-1, max-image-preview:large, max-video-preview:-1\" \/>\n<link rel=\"canonical\" href=\"https:\/\/staedtepartnerschaften-wedemark.de\/fr\/projekte\/\" \/>\n<meta property=\"og:locale\" content=\"fr_FR\" \/>\n<meta property=\"og:type\" content=\"article\" \/>\n<meta property=\"og:title\" content=\"Partnerschaftskomitee der Gemeinde Wedemark\" \/>\n<meta property=\"og:description\" content=\"Das St\u00e4dtpartnerschaftskomitee der Gemeinde Wedemark pflegt Freundschaften mit Frankreich und Schweden. Erfahre mehr \u00fcber uns!\" \/>\n<meta property=\"og:url\" content=\"https:\/\/staedtepartnerschaften-wedemark.de\/fr\/projekte\/\" \/>\n<meta property=\"og:site_name\" content=\"Partnerschaftskomitee\" \/>\n<meta property=\"article:modified_time\" content=\"2025-01-22T17:01:35+00:00\" \/>\n<meta name=\"twitter:card\" content=\"summary_large_image\" \/>\n<meta name=\"twitter:label1\" content=\"Dur\u00e9e de lecture estim\u00e9e\" \/>\n\t<meta name=\"twitter:data1\" content=\"1 minute\" \/>\n<script type=\"application\/ld+json\" class=\"yoast-schema-graph\">{\"@context\":\"https:\/\/schema.org\",\"@graph\":[{\"@type\":\"WebPage\",\"@id\":\"https:\/\/staedtepartnerschaften-wedemark.de\/projekte\/\",\"url\":\"https:\/\/staedtepartnerschaften-wedemark.de\/projekte\/\",\"name\":\"Partnerschaftskomitee der Gemeinde Wedemark\",\"isPartOf\":{\"@id\":\"https:\/\/staedtepartnerschaften-wedemark.de\/#website\"},\"datePublished\":\"2024-09-16T18:58:35+00:00\",\"dateModified\":\"2025-01-22T17:01:35+00:00\",\"description\":\"Das St\u00e4dtpartnerschaftskomitee der Gemeinde Wedemark pflegt Freundschaften mit Frankreich und Schweden. Erfahre mehr \u00fcber uns!\",\"breadcrumb\":{\"@id\":\"https:\/\/staedtepartnerschaften-wedemark.de\/projekte\/#breadcrumb\"},\"inLanguage\":\"fr-FR\",\"potentialAction\":[{\"@type\":\"ReadAction\",\"target\":[\"https:\/\/staedtepartnerschaften-wedemark.de\/projekte\/\"]}]},{\"@type\":\"BreadcrumbList\",\"@id\":\"https:\/\/staedtepartnerschaften-wedemark.de\/projekte\/#breadcrumb\",\"itemListElement\":[{\"@type\":\"ListItem\",\"position\":1,\"name\":\"Startseite\",\"item\":\"https:\/\/staedtepartnerschaften-wedemark.de\/\"},{\"@type\":\"ListItem\",\"position\":2,\"name\":\"Projekte\"}]},{\"@type\":\"WebSite\",\"@id\":\"https:\/\/staedtepartnerschaften-wedemark.de\/#website\",\"url\":\"https:\/\/staedtepartnerschaften-wedemark.de\/\",\"name\":\"Partnerschaftskomitee\",\"description\":\"der Gemeinde Wedemark\",\"publisher\":{\"@id\":\"https:\/\/staedtepartnerschaften-wedemark.de\/#organization\"},\"potentialAction\":[{\"@type\":\"SearchAction\",\"target\":{\"@type\":\"EntryPoint\",\"urlTemplate\":\"https:\/\/staedtepartnerschaften-wedemark.de\/?s={search_term_string}\"},\"query-input\":{\"@type\":\"PropertyValueSpecification\",\"valueRequired\":true,\"valueName\":\"search_term_string\"}}],\"inLanguage\":\"fr-FR\"},{\"@type\":\"Organization\",\"@id\":\"https:\/\/staedtepartnerschaften-wedemark.de\/#organization\",\"name\":\"Partnerschaftskomitee der Gemeinde Wedemark\",\"url\":\"https:\/\/staedtepartnerschaften-wedemark.de\/\",\"logo\":{\"@type\":\"ImageObject\",\"inLanguage\":\"fr-FR\",\"@id\":\"https:\/\/staedtepartnerschaften-wedemark.de\/#\/schema\/logo\/image\/\",\"url\":\"https:\/\/staedtepartnerschaften-wedemark.de\/wp-content\/uploads\/2021\/09\/Sta\u0308dtepartnerschaft-Wedemark_Website_Logo_Login.png\",\"contentUrl\":\"https:\/\/staedtepartnerschaften-wedemark.de\/wp-content\/uploads\/2021\/09\/Sta\u0308dtepartnerschaft-Wedemark_Website_Logo_Login.png\",\"width\":250,\"height\":100,\"caption\":\"Partnerschaftskomitee der Gemeinde Wedemark\"},\"image\":{\"@id\":\"https:\/\/staedtepartnerschaften-wedemark.de\/#\/schema\/logo\/image\/\"}}]}<\/script>\n<!-- \/ Yoast SEO plugin. -->","yoast_head_json":{"title":"Comit\u00e9 de jumelage de la commune de Wedemark","description":"Das St\u00e4dtpartnerschaftskomitee der Gemeinde Wedemark pflegt Freundschaften mit Frankreich und Schweden. Erfahre mehr \u00fcber uns!","robots":{"index":"index","follow":"follow","max-snippet":"max-snippet:-1","max-image-preview":"max-image-preview:large","max-video-preview":"max-video-preview:-1"},"canonical":"https:\/\/staedtepartnerschaften-wedemark.de\/fr\/projekte\/","og_locale":"fr_FR","og_type":"article","og_title":"Partnerschaftskomitee der Gemeinde Wedemark","og_description":"Das St\u00e4dtpartnerschaftskomitee der Gemeinde Wedemark pflegt Freundschaften mit Frankreich und Schweden. Erfahre mehr \u00fcber uns!","og_url":"https:\/\/staedtepartnerschaften-wedemark.de\/fr\/projekte\/","og_site_name":"Partnerschaftskomitee","article_modified_time":"2025-01-22T17:01:35+00:00","twitter_card":"summary_large_image","twitter_misc":{"Dur\u00e9e de lecture estim\u00e9e":"1 minute"},"schema":{"@context":"https:\/\/schema.org","@graph":[{"@type":"WebPage","@id":"https:\/\/staedtepartnerschaften-wedemark.de\/projekte\/","url":"https:\/\/staedtepartnerschaften-wedemark.de\/projekte\/","name":"Comit\u00e9 de jumelage de la commune de Wedemark","isPartOf":{"@id":"https:\/\/staedtepartnerschaften-wedemark.de\/#website"},"datePublished":"2024-09-16T18:58:35+00:00","dateModified":"2025-01-22T17:01:35+00:00","description":"Das St\u00e4dtpartnerschaftskomitee der Gemeinde Wedemark pflegt Freundschaften mit Frankreich und Schweden. Erfahre mehr \u00fcber uns!","breadcrumb":{"@id":"https:\/\/staedtepartnerschaften-wedemark.de\/projekte\/#breadcrumb"},"inLanguage":"fr-FR","potentialAction":[{"@type":"ReadAction","target":["https:\/\/staedtepartnerschaften-wedemark.de\/projekte\/"]}]},{"@type":"BreadcrumbList","@id":"https:\/\/staedtepartnerschaften-wedemark.de\/projekte\/#breadcrumb","itemListElement":[{"@type":"ListItem","position":1,"name":"Startseite","item":"https:\/\/staedtepartnerschaften-wedemark.de\/"},{"@type":"ListItem","position":2,"name":"Projekte"}]},{"@type":"WebSite","@id":"https:\/\/staedtepartnerschaften-wedemark.de\/#website","url":"https:\/\/staedtepartnerschaften-wedemark.de\/","name":"Comit\u00e9 de jumelage","description":"der Gemeinde Wedemark","publisher":{"@id":"https:\/\/staedtepartnerschaften-wedemark.de\/#organization"},"potentialAction":[{"@type":"SearchAction","target":{"@type":"EntryPoint","urlTemplate":"https:\/\/staedtepartnerschaften-wedemark.de\/?s={search_term_string}"},"query-input":{"@type":"PropertyValueSpecification","valueRequired":true,"valueName":"search_term_string"}}],"inLanguage":"fr-FR"},{"@type":"Organization","@id":"https:\/\/staedtepartnerschaften-wedemark.de\/#organization","name":"Comit\u00e9 de jumelage de la commune de Wedemark","url":"https:\/\/staedtepartnerschaften-wedemark.de\/","logo":{"@type":"ImageObject","inLanguage":"fr-FR","@id":"https:\/\/staedtepartnerschaften-wedemark.de\/#\/schema\/logo\/image\/","url":"https:\/\/staedtepartnerschaften-wedemark.de\/wp-content\/uploads\/2021\/09\/Sta\u0308dtepartnerschaft-Wedemark_Website_Logo_Login.png","contentUrl":"https:\/\/staedtepartnerschaften-wedemark.de\/wp-content\/uploads\/2021\/09\/Sta\u0308dtepartnerschaft-Wedemark_Website_Logo_Login.png","width":250,"height":100,"caption":"Partnerschaftskomitee der Gemeinde Wedemark"},"image":{"@id":"https:\/\/staedtepartnerschaften-wedemark.de\/#\/schema\/logo\/image\/"}}]}},"_links":{"self":[{"href":"https:\/\/staedtepartnerschaften-wedemark.de\/fr\/wp-json\/wp\/v2\/pages\/3859","targetHints":{"allow":["GET"]}}],"collection":[{"href":"https:\/\/staedtepartnerschaften-wedemark.de\/fr\/wp-json\/wp\/v2\/pages"}],"about":[{"href":"https:\/\/staedtepartnerschaften-wedemark.de\/fr\/wp-json\/wp\/v2\/types\/page"}],"author":[{"embeddable":true,"href":"https:\/\/staedtepartnerschaften-wedemark.de\/fr\/wp-json\/wp\/v2\/users\/1"}],"replies":[{"embeddable":true,"href":"https:\/\/staedtepartnerschaften-wedemark.de\/fr\/wp-json\/wp\/v2\/comments?post=3859"}],"version-history":[{"count":10,"href":"https:\/\/staedtepartnerschaften-wedemark.de\/fr\/wp-json\/wp\/v2\/pages\/3859\/revisions"}],"predecessor-version":[{"id":4455,"href":"https:\/\/staedtepartnerschaften-wedemark.de\/fr\/wp-json\/wp\/v2\/pages\/3859\/revisions\/4455"}],"wp:attachment":[{"href":"https:\/\/staedtepartnerschaften-wedemark.de\/fr\/wp-json\/wp\/v2\/media?parent=3859"}],"curies":[{"name":"wp","href":"https:\/\/api.w.org\/{rel}","templated":true}]}}