{"id":3844,"date":"2024-09-16T20:35:01","date_gmt":"2024-09-16T18:35:01","guid":{"rendered":"https:\/\/staedtepartnerschaften-wedemark.de\/?page_id=3844"},"modified":"2024-09-17T23:35:53","modified_gmt":"2024-09-17T21:35:53","slug":"partnerstaedte","status":"publish","type":"page","link":"https:\/\/staedtepartnerschaften-wedemark.de\/sv\/partnerstaedte\/","title":{"rendered":"Tvillingst\u00e4der"},"content":{"rendered":"<div data-elementor-type=\"wp-page\" data-elementor-id=\"3844\" class=\"elementor elementor-3844\" data-elementor-post-type=\"page\">\n\t\t\t\t\t\t<section class=\"elementor-section elementor-top-section elementor-element elementor-element-7088b421 elementor-section-boxed elementor-section-height-default elementor-section-height-default\" data-id=\"7088b421\" data-element_type=\"section\">\n\t\t\t\t\t\t<div class=\"elementor-container elementor-column-gap-default\">\n\t\t\t\t\t<div class=\"elementor-column elementor-col-100 elementor-top-column elementor-element elementor-element-4ad527c4\" data-id=\"4ad527c4\" data-element_type=\"column\">\n\t\t\t<div class=\"elementor-widget-wrap elementor-element-populated\">\n\t\t\t\t\t\t<div class=\"elementor-element elementor-element-eb6a008 elementor-widget elementor-widget-heading\" data-id=\"eb6a008\" data-element_type=\"widget\" data-widget_type=\"heading.default\">\n\t\t\t\t<div class=\"elementor-widget-container\">\n\t\t\t\t\t<h2 class=\"elementor-heading-title elementor-size-default\">V\u00e4norter till kommunen Wedemark<\/h2>\t\t\t\t<\/div>\n\t\t\t\t<\/div>\n\t\t\t\t<div class=\"elementor-element elementor-element-5a4d3a2e elementor-widget elementor-widget-text-editor\" data-id=\"5a4d3a2e\" data-element_type=\"widget\" data-widget_type=\"text-editor.default\">\n\t\t\t\t<div class=\"elementor-widget-container\">\n\t\t\t\t\t\t\t\t\t<p class=\"p1\">Wedemarks kommun har under m\u00e5nga \u00e5r uppr\u00e4tth\u00e5llit ett livligt och v\u00e4nskapligt samarbete med st\u00e4derna Roye i Frankrike och Gislaved i Sverige. Dessa f\u00f6rbindelser fr\u00e4mjar kulturutbyte, \u00f6msesidig f\u00f6rst\u00e5else och europeiskt samarbete.\u00a0<\/p>\t\t\t\t\t\t\t\t<\/div>\n\t\t\t\t<\/div>\n\t\t\t\t<section class=\"elementor-section elementor-inner-section elementor-element elementor-element-f6d062f elementor-section-boxed elementor-section-height-default elementor-section-height-default\" data-id=\"f6d062f\" data-element_type=\"section\">\n\t\t\t\t\t\t<div class=\"elementor-container elementor-column-gap-default\">\n\t\t\t\t\t<div class=\"elementor-column elementor-col-50 elementor-inner-column elementor-element elementor-element-6f409b0\" data-id=\"6f409b0\" data-element_type=\"column\" data-settings=\"{&quot;background_background&quot;:&quot;classic&quot;}\">\n\t\t\t<div class=\"elementor-widget-wrap elementor-element-populated\">\n\t\t\t\t\t\t<div class=\"elementor-element elementor-element-5700259 elementor-widget elementor-widget-heading\" data-id=\"5700259\" data-element_type=\"widget\" data-widget_type=\"heading.default\">\n\t\t\t\t<div class=\"elementor-widget-container\">\n\t\t\t\t\t<h5 class=\"elementor-heading-title elementor-size-default\">Frankrike - Roye<\/h5>\t\t\t\t<\/div>\n\t\t\t\t<\/div>\n\t\t\t\t<div class=\"elementor-element elementor-element-f640bdd elementor-widget elementor-widget-image\" data-id=\"f640bdd\" data-element_type=\"widget\" data-widget_type=\"image.default\">\n\t\t\t\t<div class=\"elementor-widget-container\">\n\t\t\t\t\t\t\t\t\t\t\t\t\t\t\t<img fetchpriority=\"high\" decoding=\"async\" width=\"214\" height=\"235\" src=\"https:\/\/staedtepartnerschaften-wedemark.de\/wp-content\/uploads\/2024\/09\/Partnerschaftskomitee_Roye-1.png\" class=\"attachment-large size-large wp-image-3900\" alt=\"\" srcset=\"https:\/\/staedtepartnerschaften-wedemark.de\/wp-content\/uploads\/2024\/09\/Partnerschaftskomitee_Roye-1.png 214w, https:\/\/staedtepartnerschaften-wedemark.de\/wp-content\/uploads\/2024\/09\/Partnerschaftskomitee_Roye-1-11x12.png 11w\" sizes=\"(max-width: 214px) 100vw, 214px\" \/>\t\t\t\t\t\t\t\t\t\t\t\t\t\t\t<\/div>\n\t\t\t\t<\/div>\n\t\t\t\t<div class=\"elementor-element elementor-element-a0ab4b3 elementor-widget elementor-widget-text-editor\" data-id=\"a0ab4b3\" data-element_type=\"widget\" data-widget_type=\"text-editor.default\">\n\t\t\t\t<div class=\"elementor-widget-container\">\n\t\t\t\t\t\t\t\t\t<p class=\"translation-block\"><strong>Ansprechpartnerin:<\/strong> Fran\u00e7oise Villet<br><strong>Einwohnerzahl:<\/strong> 5.703<br><strong>D\u00e9partement:<\/strong> Somme<br><strong>Region:<\/strong> Hauts-de-France<\/p>\t\t\t\t\t\t\t\t<\/div>\n\t\t\t\t<\/div>\n\t\t\t\t\t<\/div>\n\t\t<\/div>\n\t\t\t\t<div class=\"elementor-column elementor-col-50 elementor-inner-column elementor-element elementor-element-acac72d\" data-id=\"acac72d\" data-element_type=\"column\" data-settings=\"{&quot;background_background&quot;:&quot;classic&quot;}\">\n\t\t\t<div class=\"elementor-widget-wrap elementor-element-populated\">\n\t\t\t\t\t\t<div class=\"elementor-element elementor-element-1427da3 elementor-widget elementor-widget-heading\" data-id=\"1427da3\" data-element_type=\"widget\" data-widget_type=\"heading.default\">\n\t\t\t\t<div class=\"elementor-widget-container\">\n\t\t\t\t\t<h5 class=\"elementor-heading-title elementor-size-default\">Sverige - Gislaved<\/h5>\t\t\t\t<\/div>\n\t\t\t\t<\/div>\n\t\t\t\t<div class=\"elementor-element elementor-element-5b95223 elementor-widget elementor-widget-image\" data-id=\"5b95223\" data-element_type=\"widget\" data-widget_type=\"image.default\">\n\t\t\t\t<div class=\"elementor-widget-container\">\n\t\t\t\t\t\t\t\t\t\t\t\t\t\t\t<img decoding=\"async\" src=\"https:\/\/staedtepartnerschaften-wedemark.de\/wp-content\/uploads\/2024\/09\/Partnerschaftskomitee_Gislaved-2.png\" title=\"Partnerschaftskomitee_Gislaved (2)\" alt=\"Partnerschaftskomitee_Gislaved (2)\" loading=\"lazy\" \/>\t\t\t\t\t\t\t\t\t\t\t\t\t\t\t<\/div>\n\t\t\t\t<\/div>\n\t\t\t\t<div class=\"elementor-element elementor-element-f87dfa8 elementor-widget elementor-widget-text-editor\" data-id=\"f87dfa8\" data-element_type=\"widget\" data-widget_type=\"text-editor.default\">\n\t\t\t\t<div class=\"elementor-widget-container\">\n\t\t\t\t\t\t\t\t\t<p><strong>Ansprechpartner:<\/strong> Joakim Toll<br \/><strong>Einwohnerzahl:<\/strong> 29.700<br \/><strong>L\u00e4n:<\/strong> J\u00f6nk\u00f6pings l\u00e4n<br \/><strong>Region:<\/strong> Sm\u00e5land<\/p>\t\t\t\t\t\t\t\t<\/div>\n\t\t\t\t<\/div>\n\t\t\t\t\t<\/div>\n\t\t<\/div>\n\t\t\t\t\t<\/div>\n\t\t<\/section>\n\t\t\t\t<div class=\"elementor-element elementor-element-7b5360a elementor-widget elementor-widget-text-editor\" data-id=\"7b5360a\" data-element_type=\"widget\" data-widget_type=\"text-editor.default\">\n\t\t\t\t<div class=\"elementor-widget-container\">\n\t\t\t\t\t\t\t\t\t<p class=\"p1\">Vi samlar f\u00f6r n\u00e4rvarande in f\u00f6rslag till ytterligare v\u00e4nortssamarbete. Ett alternativ \u00e4r att knyta nya kontakter l\u00e4ngs den l\u00e5ngv\u00e4ga vandringsleden E1, som g\u00e5r fr\u00e5n Norge via Wedemark till Italien. Ett annat alternativ skulle vara att etablera nya kontakter som skulle rikta v\u00e5r uppm\u00e4rksamhet mot Spanien.<\/p><p class=\"p1\">Kommunen har ocks\u00e5 godk\u00e4nt en ans\u00f6kan om ett solidaritetspartnerskap med en stad i Ukraina. Kommunf\u00f6rvaltningen arbetar f\u00f6r n\u00e4rvarande med att identifiera potentiella partnerst\u00e4der och etablera inledande kontakter.<\/p>\t\t\t\t\t\t\t\t<\/div>\n\t\t\t\t<\/div>\n\t\t\t\t\t<\/div>\n\t\t<\/div>\n\t\t\t\t\t<\/div>\n\t\t<\/section>\n\t\t\t\t<section class=\"elementor-section elementor-top-section elementor-element elementor-element-3c98cf6 elementor-section-full_width elementor-section-height-default elementor-section-height-default\" data-id=\"3c98cf6\" data-element_type=\"section\">\n\t\t\t\t\t\t<div class=\"elementor-container elementor-column-gap-default\">\n\t\t\t\t\t<div class=\"elementor-column elementor-col-100 elementor-top-column elementor-element elementor-element-3b2e931\" data-id=\"3b2e931\" data-element_type=\"column\">\n\t\t\t<div class=\"elementor-widget-wrap elementor-element-populated\">\n\t\t\t\t\t\t<section class=\"elementor-section elementor-inner-section elementor-element elementor-element-814a220 elementor-section-boxed elementor-section-height-default elementor-section-height-default\" data-id=\"814a220\" data-element_type=\"section\">\n\t\t\t\t\t\t<div class=\"elementor-container elementor-column-gap-default\">\n\t\t\t\t\t<div class=\"elementor-column elementor-col-50 elementor-inner-column elementor-element elementor-element-59295c7\" data-id=\"59295c7\" data-element_type=\"column\">\n\t\t\t<div class=\"elementor-widget-wrap elementor-element-populated\">\n\t\t\t\t\t\t<div class=\"elementor-element elementor-element-3316671 elementor-widget elementor-widget-text-editor\" data-id=\"3316671\" data-element_type=\"widget\" data-widget_type=\"text-editor.default\">\n\t\t\t\t<div class=\"elementor-widget-container\">\n\t\t\t\t\t\t\t\t\t<p class=\"translation-block\">Vill du veta mer om v\u00e5ra v\u00e4norter? Vi f\u00f6rser dig g\u00e4rna med detaljerad information om v\u00e5ra partnerst\u00e4der. Du \u00e4r v\u00e4lkommen att kontakta oss!<\/p>\t\t\t\t\t\t\t\t<\/div>\n\t\t\t\t<\/div>\n\t\t\t\t\t<\/div>\n\t\t<\/div>\n\t\t\t\t<div class=\"elementor-column elementor-col-50 elementor-inner-column elementor-element elementor-element-64168da\" data-id=\"64168da\" data-element_type=\"column\">\n\t\t\t<div class=\"elementor-widget-wrap elementor-element-populated\">\n\t\t\t\t\t\t<div class=\"elementor-element elementor-element-20e06e8 elementor-align-right elementor-widget elementor-widget-button\" data-id=\"20e06e8\" data-element_type=\"widget\" data-widget_type=\"button.default\">\n\t\t\t\t<div class=\"elementor-widget-container\">\n\t\t\t\t\t\t\t\t\t<div class=\"elementor-button-wrapper\">\n\t\t\t\t\t<a class=\"elementor-button elementor-button-link elementor-size-md\" href=\"https:\/\/staedtepartnerschaften-wedemark.de\/sv\/kontakt\/\">\n\t\t\t\t\t\t<span class=\"elementor-button-content-wrapper\">\n\t\t\t\t\t\t<span class=\"elementor-button-icon\">\n\t\t\t\t<i aria-hidden=\"true\" class=\"fas fa-long-arrow-alt-right\"><\/i>\t\t\t<\/span>\n\t\t\t\t\t\t\t\t\t<span class=\"elementor-button-text\"> Kontakt<\/span>\n\t\t\t\t\t<\/span>\n\t\t\t\t\t<\/a>\n\t\t\t\t<\/div>\n\t\t\t\t\t\t\t\t<\/div>\n\t\t\t\t<\/div>\n\t\t\t\t\t<\/div>\n\t\t<\/div>\n\t\t\t\t\t<\/div>\n\t\t<\/section>\n\t\t\t\t\t<\/div>\n\t\t<\/div>\n\t\t\t\t\t<\/div>\n\t\t<\/section>\n\t\t\t\t<\/div>","protected":false},"excerpt":{"rendered":"<p>Partnerst\u00e4dte der Gemeinde Wedemark Die Gemeinde Wedemark pflegt seit vielen Jahren lebendige und freundschaftliche Partnerschaften mit den St\u00e4dten Roye in Frankreich und Gislaved in Schweden. Diese Verbindungen f\u00f6rdern den kulturellen Austausch, das gegenseitige Verst\u00e4ndnis und die europ\u00e4ische Zusammenarbeit.\u00a0 Frankreich &#8211; Roye Ansprechpartnerin: Fran\u00e7oise VilletEinwohnerzahl: 5.703D\u00e9partement: SommeRegion: Hauts-de-France Schweden &#8211; Gislaved Ansprechpartner: Joakim TollEinwohnerzahl: 29.700L\u00e4n: J\u00f6nk\u00f6pings [&hellip;]<\/p>","protected":false},"author":1,"featured_media":0,"parent":0,"menu_order":0,"comment_status":"closed","ping_status":"closed","template":"","meta":{"footnotes":""},"class_list":["post-3844","page","type-page","status-publish","hentry"],"yoast_head":"<!-- This site is optimized with the Yoast SEO plugin v26.8 - https:\/\/yoast.com\/product\/yoast-seo-wordpress\/ -->\n<title>Partnerschaftskomitee der Gemeinde Wedemark<\/title>\n<meta name=\"description\" content=\"Das St\u00e4dtpartnerschaftskomitee der Gemeinde Wedemark pflegt Freundschaften mit Frankreich und Schweden. Erfahre mehr \u00fcber uns!\" \/>\n<meta name=\"robots\" content=\"index, follow, max-snippet:-1, max-image-preview:large, max-video-preview:-1\" \/>\n<link rel=\"canonical\" href=\"https:\/\/staedtepartnerschaften-wedemark.de\/sv\/partnerstaedte\/\" \/>\n<meta property=\"og:locale\" content=\"sv_SE\" \/>\n<meta property=\"og:type\" content=\"article\" \/>\n<meta property=\"og:title\" content=\"Partnerschaftskomitee der Gemeinde Wedemark\" \/>\n<meta property=\"og:description\" content=\"Das St\u00e4dtpartnerschaftskomitee der Gemeinde Wedemark pflegt Freundschaften mit Frankreich und Schweden. Erfahre mehr \u00fcber uns!\" \/>\n<meta property=\"og:url\" content=\"https:\/\/staedtepartnerschaften-wedemark.de\/sv\/partnerstaedte\/\" \/>\n<meta property=\"og:site_name\" content=\"Partnerschaftskomitee\" \/>\n<meta property=\"article:modified_time\" content=\"2024-09-17T21:35:53+00:00\" \/>\n<meta property=\"og:image\" content=\"https:\/\/staedtepartnerschaften-wedemark.de\/wp-content\/uploads\/2024\/09\/Partnerschaftskomitee_Roye-1.png\" \/>\n<meta name=\"twitter:card\" content=\"summary_large_image\" \/>\n<meta name=\"twitter:label1\" content=\"Ber\u00e4knad l\u00e4stid\" \/>\n\t<meta name=\"twitter:data1\" content=\"2 minuter\" \/>\n<script type=\"application\/ld+json\" class=\"yoast-schema-graph\">{\"@context\":\"https:\/\/schema.org\",\"@graph\":[{\"@type\":\"WebPage\",\"@id\":\"https:\/\/staedtepartnerschaften-wedemark.de\/partnerstaedte\/\",\"url\":\"https:\/\/staedtepartnerschaften-wedemark.de\/partnerstaedte\/\",\"name\":\"Partnerschaftskomitee der Gemeinde Wedemark\",\"isPartOf\":{\"@id\":\"https:\/\/staedtepartnerschaften-wedemark.de\/#website\"},\"primaryImageOfPage\":{\"@id\":\"https:\/\/staedtepartnerschaften-wedemark.de\/partnerstaedte\/#primaryimage\"},\"image\":{\"@id\":\"https:\/\/staedtepartnerschaften-wedemark.de\/partnerstaedte\/#primaryimage\"},\"thumbnailUrl\":\"https:\/\/staedtepartnerschaften-wedemark.de\/wp-content\/uploads\/2024\/09\/Partnerschaftskomitee_Roye-1.png\",\"datePublished\":\"2024-09-16T18:35:01+00:00\",\"dateModified\":\"2024-09-17T21:35:53+00:00\",\"description\":\"Das St\u00e4dtpartnerschaftskomitee der Gemeinde Wedemark pflegt Freundschaften mit Frankreich und Schweden. Erfahre mehr \u00fcber uns!\",\"breadcrumb\":{\"@id\":\"https:\/\/staedtepartnerschaften-wedemark.de\/partnerstaedte\/#breadcrumb\"},\"inLanguage\":\"sv-SE\",\"potentialAction\":[{\"@type\":\"ReadAction\",\"target\":[\"https:\/\/staedtepartnerschaften-wedemark.de\/partnerstaedte\/\"]}]},{\"@type\":\"ImageObject\",\"inLanguage\":\"sv-SE\",\"@id\":\"https:\/\/staedtepartnerschaften-wedemark.de\/partnerstaedte\/#primaryimage\",\"url\":\"https:\/\/staedtepartnerschaften-wedemark.de\/wp-content\/uploads\/2024\/09\/Partnerschaftskomitee_Roye-1.png\",\"contentUrl\":\"https:\/\/staedtepartnerschaften-wedemark.de\/wp-content\/uploads\/2024\/09\/Partnerschaftskomitee_Roye-1.png\"},{\"@type\":\"BreadcrumbList\",\"@id\":\"https:\/\/staedtepartnerschaften-wedemark.de\/partnerstaedte\/#breadcrumb\",\"itemListElement\":[{\"@type\":\"ListItem\",\"position\":1,\"name\":\"Startseite\",\"item\":\"https:\/\/staedtepartnerschaften-wedemark.de\/\"},{\"@type\":\"ListItem\",\"position\":2,\"name\":\"Partnerst\u00e4dte\"}]},{\"@type\":\"WebSite\",\"@id\":\"https:\/\/staedtepartnerschaften-wedemark.de\/#website\",\"url\":\"https:\/\/staedtepartnerschaften-wedemark.de\/\",\"name\":\"Partnerschaftskomitee\",\"description\":\"der Gemeinde Wedemark\",\"publisher\":{\"@id\":\"https:\/\/staedtepartnerschaften-wedemark.de\/#organization\"},\"potentialAction\":[{\"@type\":\"SearchAction\",\"target\":{\"@type\":\"EntryPoint\",\"urlTemplate\":\"https:\/\/staedtepartnerschaften-wedemark.de\/?s={search_term_string}\"},\"query-input\":{\"@type\":\"PropertyValueSpecification\",\"valueRequired\":true,\"valueName\":\"search_term_string\"}}],\"inLanguage\":\"sv-SE\"},{\"@type\":\"Organization\",\"@id\":\"https:\/\/staedtepartnerschaften-wedemark.de\/#organization\",\"name\":\"Partnerschaftskomitee der Gemeinde Wedemark\",\"url\":\"https:\/\/staedtepartnerschaften-wedemark.de\/\",\"logo\":{\"@type\":\"ImageObject\",\"inLanguage\":\"sv-SE\",\"@id\":\"https:\/\/staedtepartnerschaften-wedemark.de\/#\/schema\/logo\/image\/\",\"url\":\"https:\/\/staedtepartnerschaften-wedemark.de\/wp-content\/uploads\/2021\/09\/Sta\u0308dtepartnerschaft-Wedemark_Website_Logo_Login.png\",\"contentUrl\":\"https:\/\/staedtepartnerschaften-wedemark.de\/wp-content\/uploads\/2021\/09\/Sta\u0308dtepartnerschaft-Wedemark_Website_Logo_Login.png\",\"width\":250,\"height\":100,\"caption\":\"Partnerschaftskomitee der Gemeinde Wedemark\"},\"image\":{\"@id\":\"https:\/\/staedtepartnerschaften-wedemark.de\/#\/schema\/logo\/image\/\"}}]}<\/script>\n<!-- \/ Yoast SEO plugin. -->","yoast_head_json":{"title":"Wedemarks kommuns partnerskapskommitt\u00e9","description":"Das St\u00e4dtpartnerschaftskomitee der Gemeinde Wedemark pflegt Freundschaften mit Frankreich und Schweden. Erfahre mehr \u00fcber uns!","robots":{"index":"index","follow":"follow","max-snippet":"max-snippet:-1","max-image-preview":"max-image-preview:large","max-video-preview":"max-video-preview:-1"},"canonical":"https:\/\/staedtepartnerschaften-wedemark.de\/sv\/partnerstaedte\/","og_locale":"sv_SE","og_type":"article","og_title":"Partnerschaftskomitee der Gemeinde Wedemark","og_description":"Das St\u00e4dtpartnerschaftskomitee der Gemeinde Wedemark pflegt Freundschaften mit Frankreich und Schweden. Erfahre mehr \u00fcber uns!","og_url":"https:\/\/staedtepartnerschaften-wedemark.de\/sv\/partnerstaedte\/","og_site_name":"Partnerschaftskomitee","article_modified_time":"2024-09-17T21:35:53+00:00","og_image":[{"url":"https:\/\/staedtepartnerschaften-wedemark.de\/wp-content\/uploads\/2024\/09\/Partnerschaftskomitee_Roye-1.png","type":"","width":"","height":""}],"twitter_card":"summary_large_image","twitter_misc":{"Ber\u00e4knad l\u00e4stid":"2 minuter"},"schema":{"@context":"https:\/\/schema.org","@graph":[{"@type":"WebPage","@id":"https:\/\/staedtepartnerschaften-wedemark.de\/partnerstaedte\/","url":"https:\/\/staedtepartnerschaften-wedemark.de\/partnerstaedte\/","name":"Wedemarks kommuns partnerskapskommitt\u00e9","isPartOf":{"@id":"https:\/\/staedtepartnerschaften-wedemark.de\/#website"},"primaryImageOfPage":{"@id":"https:\/\/staedtepartnerschaften-wedemark.de\/partnerstaedte\/#primaryimage"},"image":{"@id":"https:\/\/staedtepartnerschaften-wedemark.de\/partnerstaedte\/#primaryimage"},"thumbnailUrl":"https:\/\/staedtepartnerschaften-wedemark.de\/wp-content\/uploads\/2024\/09\/Partnerschaftskomitee_Roye-1.png","datePublished":"2024-09-16T18:35:01+00:00","dateModified":"2024-09-17T21:35:53+00:00","description":"Das St\u00e4dtpartnerschaftskomitee der Gemeinde Wedemark pflegt Freundschaften mit Frankreich und Schweden. Erfahre mehr \u00fcber uns!","breadcrumb":{"@id":"https:\/\/staedtepartnerschaften-wedemark.de\/partnerstaedte\/#breadcrumb"},"inLanguage":"sv-SE","potentialAction":[{"@type":"ReadAction","target":["https:\/\/staedtepartnerschaften-wedemark.de\/partnerstaedte\/"]}]},{"@type":"ImageObject","inLanguage":"sv-SE","@id":"https:\/\/staedtepartnerschaften-wedemark.de\/partnerstaedte\/#primaryimage","url":"https:\/\/staedtepartnerschaften-wedemark.de\/wp-content\/uploads\/2024\/09\/Partnerschaftskomitee_Roye-1.png","contentUrl":"https:\/\/staedtepartnerschaften-wedemark.de\/wp-content\/uploads\/2024\/09\/Partnerschaftskomitee_Roye-1.png"},{"@type":"BreadcrumbList","@id":"https:\/\/staedtepartnerschaften-wedemark.de\/partnerstaedte\/#breadcrumb","itemListElement":[{"@type":"ListItem","position":1,"name":"Startseite","item":"https:\/\/staedtepartnerschaften-wedemark.de\/"},{"@type":"ListItem","position":2,"name":"Partnerst\u00e4dte"}]},{"@type":"WebSite","@id":"https:\/\/staedtepartnerschaften-wedemark.de\/#website","url":"https:\/\/staedtepartnerschaften-wedemark.de\/","name":"Partnerschaftskomitee","description":"der Gemeinde Wedemark","publisher":{"@id":"https:\/\/staedtepartnerschaften-wedemark.de\/#organization"},"potentialAction":[{"@type":"SearchAction","target":{"@type":"EntryPoint","urlTemplate":"https:\/\/staedtepartnerschaften-wedemark.de\/?s={search_term_string}"},"query-input":{"@type":"PropertyValueSpecification","valueRequired":true,"valueName":"search_term_string"}}],"inLanguage":"sv-SE"},{"@type":"Organization","@id":"https:\/\/staedtepartnerschaften-wedemark.de\/#organization","name":"Wedemarks kommuns partnerskapskommitt\u00e9","url":"https:\/\/staedtepartnerschaften-wedemark.de\/","logo":{"@type":"ImageObject","inLanguage":"sv-SE","@id":"https:\/\/staedtepartnerschaften-wedemark.de\/#\/schema\/logo\/image\/","url":"https:\/\/staedtepartnerschaften-wedemark.de\/wp-content\/uploads\/2021\/09\/Sta\u0308dtepartnerschaft-Wedemark_Website_Logo_Login.png","contentUrl":"https:\/\/staedtepartnerschaften-wedemark.de\/wp-content\/uploads\/2021\/09\/Sta\u0308dtepartnerschaft-Wedemark_Website_Logo_Login.png","width":250,"height":100,"caption":"Partnerschaftskomitee der Gemeinde Wedemark"},"image":{"@id":"https:\/\/staedtepartnerschaften-wedemark.de\/#\/schema\/logo\/image\/"}}]}},"_links":{"self":[{"href":"https:\/\/staedtepartnerschaften-wedemark.de\/sv\/wp-json\/wp\/v2\/pages\/3844","targetHints":{"allow":["GET"]}}],"collection":[{"href":"https:\/\/staedtepartnerschaften-wedemark.de\/sv\/wp-json\/wp\/v2\/pages"}],"about":[{"href":"https:\/\/staedtepartnerschaften-wedemark.de\/sv\/wp-json\/wp\/v2\/types\/page"}],"author":[{"embeddable":true,"href":"https:\/\/staedtepartnerschaften-wedemark.de\/sv\/wp-json\/wp\/v2\/users\/1"}],"replies":[{"embeddable":true,"href":"https:\/\/staedtepartnerschaften-wedemark.de\/sv\/wp-json\/wp\/v2\/comments?post=3844"}],"version-history":[{"count":46,"href":"https:\/\/staedtepartnerschaften-wedemark.de\/sv\/wp-json\/wp\/v2\/pages\/3844\/revisions"}],"predecessor-version":[{"id":4175,"href":"https:\/\/staedtepartnerschaften-wedemark.de\/sv\/wp-json\/wp\/v2\/pages\/3844\/revisions\/4175"}],"wp:attachment":[{"href":"https:\/\/staedtepartnerschaften-wedemark.de\/sv\/wp-json\/wp\/v2\/media?parent=3844"}],"curies":[{"name":"wp","href":"https:\/\/api.w.org\/{rel}","templated":true}]}}