{"id":3954,"date":"2024-09-17T16:10:26","date_gmt":"2024-09-17T14:10:26","guid":{"rendered":"https:\/\/staedtepartnerschaften-wedemark.de\/?page_id=3954"},"modified":"2025-01-22T18:02:47","modified_gmt":"2025-01-22T17:02:47","slug":"franzoesisch-cafe","status":"publish","type":"page","link":"https:\/\/staedtepartnerschaften-wedemark.de\/sv\/franzoesisch-cafe\/","title":{"rendered":"Franska kaf\u00e9et"},"content":{"rendered":"<div data-elementor-type=\"wp-page\" data-elementor-id=\"3954\" class=\"elementor elementor-3954\" data-elementor-post-type=\"page\">\n\t\t\t\t\t\t<section class=\"elementor-section elementor-top-section elementor-element elementor-element-7088b421 elementor-section-boxed elementor-section-height-default elementor-section-height-default\" data-id=\"7088b421\" data-element_type=\"section\">\n\t\t\t\t\t\t<div class=\"elementor-container elementor-column-gap-default\">\n\t\t\t\t\t<div class=\"elementor-column elementor-col-100 elementor-top-column elementor-element elementor-element-4ad527c4\" data-id=\"4ad527c4\" data-element_type=\"column\">\n\t\t\t<div class=\"elementor-widget-wrap elementor-element-populated\">\n\t\t\t\t\t\t<div class=\"elementor-element elementor-element-eb6a008 elementor-widget elementor-widget-heading\" data-id=\"eb6a008\" data-element_type=\"widget\" data-widget_type=\"heading.default\">\n\t\t\t\t<div class=\"elementor-widget-container\">\n\t\t\t\t\t<h2 class=\"elementor-heading-title elementor-size-default\">V\u00e5rt projekt: Franskt caf\u00e9<\/h2>\t\t\t\t<\/div>\n\t\t\t\t<\/div>\n\t\t\t\t<div class=\"elementor-element elementor-element-5a4d3a2e elementor-widget elementor-widget-text-editor\" data-id=\"5a4d3a2e\" data-element_type=\"widget\" data-widget_type=\"text-editor.default\">\n\t\t\t\t<div class=\"elementor-widget-container\">\n\t\t\t\t\t\t\t\t\t<p>Ett blomstrande partnerskap kan bara fungera med tillr\u00e4cklig kommunikation. Det franska kaf\u00e9et ger oss och alla intresserade m\u00f6jlighet att prata franska under gemytliga former. V\u00e5r frivilliga tolk Rozenn har \u00e5tagit sig att driva caf\u00e9et.<\/p><p>Vi tr\u00e4ffas var tredje torsdag i m\u00e5naden kl. 17.30-19.00 i rum 1.10 p\u00e5 flergenerationscentret i Mellendorf. Du beh\u00f6ver inte vara medlem i partnerskapskommitt\u00e9n. Programmet \u00e4r \u00f6ppet f\u00f6r alla som kan tala lite franska. Om du vill delta i det franska caf\u00e9et \u00e4r det bara att komma f\u00f6rbi. Vi ser fram emot att tr\u00e4ffa alla!<\/p>\t\t\t\t\t\t\t\t<\/div>\n\t\t\t\t<\/div>\n\t\t\t\t\t<\/div>\n\t\t<\/div>\n\t\t\t\t\t<\/div>\n\t\t<\/section>\n\t\t\t\t<section class=\"elementor-section elementor-top-section elementor-element elementor-element-3c98cf6 elementor-section-full_width elementor-section-height-default elementor-section-height-default\" data-id=\"3c98cf6\" data-element_type=\"section\">\n\t\t\t\t\t\t<div class=\"elementor-container elementor-column-gap-default\">\n\t\t\t\t\t<div class=\"elementor-column elementor-col-100 elementor-top-column elementor-element elementor-element-3b2e931\" data-id=\"3b2e931\" data-element_type=\"column\">\n\t\t\t<div class=\"elementor-widget-wrap elementor-element-populated\">\n\t\t\t\t\t\t<section class=\"elementor-section elementor-inner-section elementor-element elementor-element-814a220 elementor-section-boxed elementor-section-height-default elementor-section-height-default\" data-id=\"814a220\" data-element_type=\"section\">\n\t\t\t\t\t\t<div class=\"elementor-container elementor-column-gap-default\">\n\t\t\t\t\t<div class=\"elementor-column elementor-col-50 elementor-inner-column elementor-element elementor-element-59295c7\" data-id=\"59295c7\" data-element_type=\"column\">\n\t\t\t<div class=\"elementor-widget-wrap elementor-element-populated\">\n\t\t\t\t\t\t<div class=\"elementor-element elementor-element-3316671 elementor-widget elementor-widget-text-editor\" data-id=\"3316671\" data-element_type=\"widget\" data-widget_type=\"text-editor.default\">\n\t\t\t\t<div class=\"elementor-widget-container\">\n\t\t\t\t\t\t\t\t\t<p>Du m\u00f6chtest am Franz\u00f6sisch-Caf\u00e9 teilnehmen oder hast Fragen? Dann komm einfach zu einem unserer Treffen oder <strong>melde dich hier bei uns<\/strong>!<\/p>\t\t\t\t\t\t\t\t<\/div>\n\t\t\t\t<\/div>\n\t\t\t\t\t<\/div>\n\t\t<\/div>\n\t\t\t\t<div class=\"elementor-column elementor-col-50 elementor-inner-column elementor-element elementor-element-64168da\" data-id=\"64168da\" data-element_type=\"column\">\n\t\t\t<div class=\"elementor-widget-wrap elementor-element-populated\">\n\t\t\t\t\t\t<div class=\"elementor-element elementor-element-20e06e8 elementor-align-right elementor-widget elementor-widget-button\" data-id=\"20e06e8\" data-element_type=\"widget\" data-widget_type=\"button.default\">\n\t\t\t\t<div class=\"elementor-widget-container\">\n\t\t\t\t\t\t\t\t\t<div class=\"elementor-button-wrapper\">\n\t\t\t\t\t<a class=\"elementor-button elementor-button-link elementor-size-md\" href=\"https:\/\/staedtepartnerschaften-wedemark.de\/sv\/kontakt\/\">\n\t\t\t\t\t\t<span class=\"elementor-button-content-wrapper\">\n\t\t\t\t\t\t<span class=\"elementor-button-icon\">\n\t\t\t\t<i aria-hidden=\"true\" class=\"fas fa-long-arrow-alt-right\"><\/i>\t\t\t<\/span>\n\t\t\t\t\t\t\t\t\t<span class=\"elementor-button-text\"> Kontakt<\/span>\n\t\t\t\t\t<\/span>\n\t\t\t\t\t<\/a>\n\t\t\t\t<\/div>\n\t\t\t\t\t\t\t\t<\/div>\n\t\t\t\t<\/div>\n\t\t\t\t\t<\/div>\n\t\t<\/div>\n\t\t\t\t\t<\/div>\n\t\t<\/section>\n\t\t\t\t\t<\/div>\n\t\t<\/div>\n\t\t\t\t\t<\/div>\n\t\t<\/section>\n\t\t\t\t<\/div>","protected":false},"excerpt":{"rendered":"<p>Unser Projekt: Franz\u00f6sisch Caf\u00e9 Eine florierende Partnerschaft kann nur mit ausreichender Kommunikation funktionieren. Das Franz\u00f6sisch-Caf\u00e9 bietet uns und allen Interessierten die M\u00f6glichkeit, sich in geselliger Runde auf Franz\u00f6sisch zu unterhalten. Unsere ehrenamtliche Dolmetscherin Rozenn hat sich bereit erkl\u00e4rt, die Leitung des Caf\u00e9s zu \u00fcbernehmen. Wir treffen uns an jedem dritten Donnerstag im Monat von 17:30 [&hellip;]<\/p>","protected":false},"author":1,"featured_media":0,"parent":0,"menu_order":0,"comment_status":"closed","ping_status":"closed","template":"","meta":{"footnotes":""},"class_list":["post-3954","page","type-page","status-publish","hentry"],"yoast_head":"<!-- This site is optimized with the Yoast SEO plugin v26.8 - https:\/\/yoast.com\/product\/yoast-seo-wordpress\/ -->\n<title>Partnerschaftskomitee der Gemeinde Wedemark<\/title>\n<meta name=\"description\" content=\"Das St\u00e4dtpartnerschaftskomitee der Gemeinde Wedemark pflegt Freundschaften mit Frankreich und Schweden. Erfahre mehr \u00fcber uns!\" \/>\n<meta name=\"robots\" content=\"index, follow, max-snippet:-1, max-image-preview:large, max-video-preview:-1\" \/>\n<link rel=\"canonical\" href=\"https:\/\/staedtepartnerschaften-wedemark.de\/sv\/franzoesisch-cafe\/\" \/>\n<meta property=\"og:locale\" content=\"sv_SE\" \/>\n<meta property=\"og:type\" content=\"article\" \/>\n<meta property=\"og:title\" content=\"Partnerschaftskomitee der Gemeinde Wedemark\" \/>\n<meta property=\"og:description\" content=\"Das St\u00e4dtpartnerschaftskomitee der Gemeinde Wedemark pflegt Freundschaften mit Frankreich und Schweden. Erfahre mehr \u00fcber uns!\" \/>\n<meta property=\"og:url\" content=\"https:\/\/staedtepartnerschaften-wedemark.de\/sv\/franzoesisch-cafe\/\" \/>\n<meta property=\"og:site_name\" content=\"Partnerschaftskomitee\" \/>\n<meta property=\"article:modified_time\" content=\"2025-01-22T17:02:47+00:00\" \/>\n<meta name=\"twitter:card\" content=\"summary_large_image\" \/>\n<meta name=\"twitter:label1\" content=\"Ber\u00e4knad l\u00e4stid\" \/>\n\t<meta name=\"twitter:data1\" content=\"1 minut\" \/>\n<script type=\"application\/ld+json\" class=\"yoast-schema-graph\">{\"@context\":\"https:\/\/schema.org\",\"@graph\":[{\"@type\":\"WebPage\",\"@id\":\"https:\/\/staedtepartnerschaften-wedemark.de\/franzoesisch-cafe\/\",\"url\":\"https:\/\/staedtepartnerschaften-wedemark.de\/franzoesisch-cafe\/\",\"name\":\"Partnerschaftskomitee der Gemeinde Wedemark\",\"isPartOf\":{\"@id\":\"https:\/\/staedtepartnerschaften-wedemark.de\/#website\"},\"datePublished\":\"2024-09-17T14:10:26+00:00\",\"dateModified\":\"2025-01-22T17:02:47+00:00\",\"description\":\"Das St\u00e4dtpartnerschaftskomitee der Gemeinde Wedemark pflegt Freundschaften mit Frankreich und Schweden. Erfahre mehr \u00fcber uns!\",\"breadcrumb\":{\"@id\":\"https:\/\/staedtepartnerschaften-wedemark.de\/franzoesisch-cafe\/#breadcrumb\"},\"inLanguage\":\"sv-SE\",\"potentialAction\":[{\"@type\":\"ReadAction\",\"target\":[\"https:\/\/staedtepartnerschaften-wedemark.de\/franzoesisch-cafe\/\"]}]},{\"@type\":\"BreadcrumbList\",\"@id\":\"https:\/\/staedtepartnerschaften-wedemark.de\/franzoesisch-cafe\/#breadcrumb\",\"itemListElement\":[{\"@type\":\"ListItem\",\"position\":1,\"name\":\"Startseite\",\"item\":\"https:\/\/staedtepartnerschaften-wedemark.de\/\"},{\"@type\":\"ListItem\",\"position\":2,\"name\":\"Franz\u00f6sisch Caf\u00e9\"}]},{\"@type\":\"WebSite\",\"@id\":\"https:\/\/staedtepartnerschaften-wedemark.de\/#website\",\"url\":\"https:\/\/staedtepartnerschaften-wedemark.de\/\",\"name\":\"Partnerschaftskomitee\",\"description\":\"der Gemeinde Wedemark\",\"publisher\":{\"@id\":\"https:\/\/staedtepartnerschaften-wedemark.de\/#organization\"},\"potentialAction\":[{\"@type\":\"SearchAction\",\"target\":{\"@type\":\"EntryPoint\",\"urlTemplate\":\"https:\/\/staedtepartnerschaften-wedemark.de\/?s={search_term_string}\"},\"query-input\":{\"@type\":\"PropertyValueSpecification\",\"valueRequired\":true,\"valueName\":\"search_term_string\"}}],\"inLanguage\":\"sv-SE\"},{\"@type\":\"Organization\",\"@id\":\"https:\/\/staedtepartnerschaften-wedemark.de\/#organization\",\"name\":\"Partnerschaftskomitee der Gemeinde Wedemark\",\"url\":\"https:\/\/staedtepartnerschaften-wedemark.de\/\",\"logo\":{\"@type\":\"ImageObject\",\"inLanguage\":\"sv-SE\",\"@id\":\"https:\/\/staedtepartnerschaften-wedemark.de\/#\/schema\/logo\/image\/\",\"url\":\"https:\/\/staedtepartnerschaften-wedemark.de\/wp-content\/uploads\/2021\/09\/Sta\u0308dtepartnerschaft-Wedemark_Website_Logo_Login.png\",\"contentUrl\":\"https:\/\/staedtepartnerschaften-wedemark.de\/wp-content\/uploads\/2021\/09\/Sta\u0308dtepartnerschaft-Wedemark_Website_Logo_Login.png\",\"width\":250,\"height\":100,\"caption\":\"Partnerschaftskomitee der Gemeinde Wedemark\"},\"image\":{\"@id\":\"https:\/\/staedtepartnerschaften-wedemark.de\/#\/schema\/logo\/image\/\"}}]}<\/script>\n<!-- \/ Yoast SEO plugin. -->","yoast_head_json":{"title":"Wedemarks kommuns partnerskapskommitt\u00e9","description":"Das St\u00e4dtpartnerschaftskomitee der Gemeinde Wedemark pflegt Freundschaften mit Frankreich und Schweden. Erfahre mehr \u00fcber uns!","robots":{"index":"index","follow":"follow","max-snippet":"max-snippet:-1","max-image-preview":"max-image-preview:large","max-video-preview":"max-video-preview:-1"},"canonical":"https:\/\/staedtepartnerschaften-wedemark.de\/sv\/franzoesisch-cafe\/","og_locale":"sv_SE","og_type":"article","og_title":"Partnerschaftskomitee der Gemeinde Wedemark","og_description":"Das St\u00e4dtpartnerschaftskomitee der Gemeinde Wedemark pflegt Freundschaften mit Frankreich und Schweden. Erfahre mehr \u00fcber uns!","og_url":"https:\/\/staedtepartnerschaften-wedemark.de\/sv\/franzoesisch-cafe\/","og_site_name":"Partnerschaftskomitee","article_modified_time":"2025-01-22T17:02:47+00:00","twitter_card":"summary_large_image","twitter_misc":{"Ber\u00e4knad l\u00e4stid":"1 minut"},"schema":{"@context":"https:\/\/schema.org","@graph":[{"@type":"WebPage","@id":"https:\/\/staedtepartnerschaften-wedemark.de\/franzoesisch-cafe\/","url":"https:\/\/staedtepartnerschaften-wedemark.de\/franzoesisch-cafe\/","name":"Wedemarks kommuns partnerskapskommitt\u00e9","isPartOf":{"@id":"https:\/\/staedtepartnerschaften-wedemark.de\/#website"},"datePublished":"2024-09-17T14:10:26+00:00","dateModified":"2025-01-22T17:02:47+00:00","description":"Das St\u00e4dtpartnerschaftskomitee der Gemeinde Wedemark pflegt Freundschaften mit Frankreich und Schweden. Erfahre mehr \u00fcber uns!","breadcrumb":{"@id":"https:\/\/staedtepartnerschaften-wedemark.de\/franzoesisch-cafe\/#breadcrumb"},"inLanguage":"sv-SE","potentialAction":[{"@type":"ReadAction","target":["https:\/\/staedtepartnerschaften-wedemark.de\/franzoesisch-cafe\/"]}]},{"@type":"BreadcrumbList","@id":"https:\/\/staedtepartnerschaften-wedemark.de\/franzoesisch-cafe\/#breadcrumb","itemListElement":[{"@type":"ListItem","position":1,"name":"Startseite","item":"https:\/\/staedtepartnerschaften-wedemark.de\/"},{"@type":"ListItem","position":2,"name":"Franz\u00f6sisch Caf\u00e9"}]},{"@type":"WebSite","@id":"https:\/\/staedtepartnerschaften-wedemark.de\/#website","url":"https:\/\/staedtepartnerschaften-wedemark.de\/","name":"Partnerschaftskomitee","description":"der Gemeinde Wedemark","publisher":{"@id":"https:\/\/staedtepartnerschaften-wedemark.de\/#organization"},"potentialAction":[{"@type":"SearchAction","target":{"@type":"EntryPoint","urlTemplate":"https:\/\/staedtepartnerschaften-wedemark.de\/?s={search_term_string}"},"query-input":{"@type":"PropertyValueSpecification","valueRequired":true,"valueName":"search_term_string"}}],"inLanguage":"sv-SE"},{"@type":"Organization","@id":"https:\/\/staedtepartnerschaften-wedemark.de\/#organization","name":"Wedemarks kommuns partnerskapskommitt\u00e9","url":"https:\/\/staedtepartnerschaften-wedemark.de\/","logo":{"@type":"ImageObject","inLanguage":"sv-SE","@id":"https:\/\/staedtepartnerschaften-wedemark.de\/#\/schema\/logo\/image\/","url":"https:\/\/staedtepartnerschaften-wedemark.de\/wp-content\/uploads\/2021\/09\/Sta\u0308dtepartnerschaft-Wedemark_Website_Logo_Login.png","contentUrl":"https:\/\/staedtepartnerschaften-wedemark.de\/wp-content\/uploads\/2021\/09\/Sta\u0308dtepartnerschaft-Wedemark_Website_Logo_Login.png","width":250,"height":100,"caption":"Partnerschaftskomitee der Gemeinde Wedemark"},"image":{"@id":"https:\/\/staedtepartnerschaften-wedemark.de\/#\/schema\/logo\/image\/"}}]}},"_links":{"self":[{"href":"https:\/\/staedtepartnerschaften-wedemark.de\/sv\/wp-json\/wp\/v2\/pages\/3954","targetHints":{"allow":["GET"]}}],"collection":[{"href":"https:\/\/staedtepartnerschaften-wedemark.de\/sv\/wp-json\/wp\/v2\/pages"}],"about":[{"href":"https:\/\/staedtepartnerschaften-wedemark.de\/sv\/wp-json\/wp\/v2\/types\/page"}],"author":[{"embeddable":true,"href":"https:\/\/staedtepartnerschaften-wedemark.de\/sv\/wp-json\/wp\/v2\/users\/1"}],"replies":[{"embeddable":true,"href":"https:\/\/staedtepartnerschaften-wedemark.de\/sv\/wp-json\/wp\/v2\/comments?post=3954"}],"version-history":[{"count":10,"href":"https:\/\/staedtepartnerschaften-wedemark.de\/sv\/wp-json\/wp\/v2\/pages\/3954\/revisions"}],"predecessor-version":[{"id":4458,"href":"https:\/\/staedtepartnerschaften-wedemark.de\/sv\/wp-json\/wp\/v2\/pages\/3954\/revisions\/4458"}],"wp:attachment":[{"href":"https:\/\/staedtepartnerschaften-wedemark.de\/sv\/wp-json\/wp\/v2\/media?parent=3954"}],"curies":[{"name":"wp","href":"https:\/\/api.w.org\/{rel}","templated":true}]}}